{"id":968986,"date":"2016-07-21T06:23:50","date_gmt":"2016-07-21T06:23:50","guid":{"rendered":"https:\/\/wpml.org\/es\/pagina-principal\/comparar-wpml-con-alternativas-con-y-sin-costo\/"},"modified":"2022-12-05T05:34:34","modified_gmt":"2022-12-05T05:34:34","slug":"comparar-wpml-con-alternativas-con-y-sin-costo","status":"publish","type":"page","link":"https:\/\/wpml.org\/es\/pagina-principal\/comparar-wpml-con-alternativas-con-y-sin-costo\/","title":{"rendered":"Comparar WPML con alternativas gratis y pagas"},"content":{"rendered":"\n<div class=\"wp-block-toolset-blocks-container tb-container alignfull\" data-toolset-blocks-container=\"c1d7343b549ef7a90cb4a6f75d67230e\"><div class=\"tb-container-inner\">\n<div class=\"wp-block-toolset-blocks-grid tb-grid\" data-toolset-blocks-grid=\"45a28227956944f4b2189b2d10c2f3f8\">\n<div class=\"wp-block-toolset-blocks-grid-column tb-grid-column tb-grid-align-top\" data-toolset-blocks-grid-column=\"3034fbe886c11054e95b46b09d3e4112\">\n<p class=\"tb-heading has-text-color\" data-toolset-blocks-heading=\"819291efa77958b3ea1421615c7ed18d\" data-last-update=\"1.4\"><span class=\"features-highlight\">Compare sus costos<\/span> para cada plugin de WordPress multiling\u00fce principal seg\u00fan las funciones que necesita.<\/p>\n<\/div>\n\n\n\n<div class=\"wp-block-toolset-blocks-grid-column tb-grid-column tb-grid-align-top\" data-toolset-blocks-grid-column=\"3034fbe886c11054e95b46b09d3e4112\">\n<p class=\"tb-heading has-text-color\" data-toolset-blocks-heading=\"39487ea760761aabf9dcf3f44ea5667d\" data-last-update=\"1.4\">Vea en qu\u00e9 se diferencia WPML de la competencia Elija sus opciones a continuaci\u00f3n para ver el costo de traducir su sitio web mediante el uso de cada plugin de traducci\u00f3n de WordPress popular.<\/p>\n<\/div>\n<\/div>\n<\/div><\/div>\n<div class=\"wpml-compare-calculator\">\n                        <div class=\"wpml-compare-calculator__grid\">\n                            <div class=\"wpml-compare-calculator__grid-sidebar\">\n                                <button class=\"wpml-compare-calculator__grid-sidebar-toggle\"><i class=\"wpml-ico-funnel\"><\/i> Filter<\/button>\n                                <div class=\"wpml-compare-calculator__grid-sidebar-wrapper\">\n                                    <div class=\"wpml-compare-calculator__grid-sidebar-head\">\n                                        <a href=\"#\"><i class=\"wpml-ico-close\"><\/i><\/a>\n                                        <a href=\"#\">Aplicar<\/a>\n                                    <\/div>\n                                    <div class=\"wpml-compare-calculator__grid-sidebar-item\">\n                                        <div class=\"form-group form-group__slider\">\n                                            <label for=\"fLanguages\">\u00bfA cu\u00e1ntos idiomas desea traducir su sitio web (sin incluir su idioma predeterminado)?<\/label>\n                                            <input type=\"number\" class=\"form-control\" id=\"fLanguages\" value=\"2\" min=\"0\" max=\"10\" readonly>\n                                            <div class=\"form-group__range\">\n                                                <div class=\"form-group__range-track\"><\/div>\n                                                <input type=\"range\" class=\"form-control-range\" id=\"fLanguagesRange\" value=\"0\" min=\"0\" max=\"3\" step=\"1\">\n                                            <\/div>\n                                        <\/div>\n                                    <\/div>\n                                    <div class=\"wpml-compare-calculator__grid-sidebar-item\">\n                                        <div class=\"form-group form-group__slider\">\n                                            <label for=\"fSites\">\u00bfCu\u00e1ntos sitios web desea traducir?<\/label>\n                                            <input type=\"number\" class=\"form-control\" id=\"fSites\" value=\"1\" min=\"0\" max=\"25\" readonly>\n                                            <div class=\"form-group__range\">\n                                                <div class=\"form-group__range-track\"><\/div>\n                                                <input type=\"range\" class=\"form-control-range\" id=\"fSitesRange\" value=\"0\" min=\"0\" max=\"3\" step=\"1\">\n                                            <\/div>\n                                        <\/div>\n                                    <\/div>\n                                    <div class=\"wpml-compare-calculator__grid-sidebar-item\">\n                                        <div class=\"form-group\">\n                                            <label for=\"fSiteKind\">\u00bfQu\u00e9 clase de sitio web multiling\u00fce est\u00e1 creando?<\/label>\n                                            <select class=\"form-control\" id=\"fSiteKind\">\n                                                <option value=\"woocommerce\">E-comercio<\/option>\n                                                <option value=\"business\">Negocio<\/option>\n                                            <\/select>\n                                        <\/div>\n                                    <\/div>\n                                    <div class=\"wpml-compare-calculator__grid-sidebar-item\">\n                                        <div class=\"form-group\">\n                                            <label for=\"fSites\">Funciones indispensables<\/label>\n                                            <div class=\"form-check\">\n                                              <input class=\"form-check-input\" type=\"checkbox\" value=\"1\" id=\"fFeatSeo\" checked=\"true\">\n                                              <label class=\"form-check-label\" for=\"fFeatSeo\">SEO multiling\u00fce<\/label>\n                                            <\/div>\n                                            <div class=\"form-check\">\n                                              <input class=\"form-check-input\" type=\"checkbox\" value=\"1\" id=\"fFeatSlugs\" checked=\"true\">\n                                              <label class=\"form-check-label\" for=\"fFeatSlugs\">Traducir slugs de URL<\/label>\n                                            <\/div>\n                                            <div class=\"form-check\">\n                                              <input class=\"form-check-input\" type=\"checkbox\" value=\"1\" id=\"fFeatSupport\" checked=\"true\">\n                                              <label class=\"form-check-label\" for=\"fFeatSupport\">Soporte para otros traductores<\/label>\n                                            <\/div>\n                                        <\/div>\n                                    <\/div>\n                                <\/div>\n                            <\/div>\n                            <div class=\"wpml-compare-calculator__grid-content\">\n                                <div class=\"wpml-compare-calculator__grid-content__table\">\n                                    <div class=\"wcc-table__logo\"><\/div>\n                                    <div class=\"wcc-table__logo wcc-table__logo-polylang\">Polylang<\/div>\n                                    <div class=\"wcc-table__logo wcc-table__logo-translatepress\">TranslatePress<\/div>\n                                    <div class=\"wcc-table__logo wcc-table__logo-weglot\">Weglot<\/div>\n                                    <div class=\"wcc-table__logo wcc-table__logo-gtranslate\">GTranslate<\/div>\n                                    <div class=\"wcc-table__logo wcc-table__logo-wpml\">WPML<\/div>\n                                    \n                                    <div class=\"wcc-table__label\">Precio por el primer a\u00f1o <i class=\"wpml-ico-info-o\" data-toggle=\"tooltip\" title=\"El precio de compra inicial basado en las opciones elegidas\"><\/i><\/div>\n                                    <div class=\"wcc-table__item text-blue\" data-id=\"polylang\" data-content=\"pricing\">$89<\/div>\n                                    <div class=\"wcc-table__item text-blue\" data-id=\"translatePress\" data-content=\"pricing\">$159<\/div>\n                                    <div class=\"wcc-table__item text-blue\" data-id=\"weglot\" data-content=\"pricing\">$1,990<\/div>\n                                    <div class=\"wcc-table__item text-blue\" data-id=\"gTranslate\" data-content=\"pricing\">$299<\/div>\n                                    <div class=\"wcc-table__item text-blue\" data-id=\"wpml\" data-content=\"pricing\">&euro;99<\/div>\n                                    \n                                    <div class=\"wcc-table__label\">Backend translation <i class=\"wpml-ico-info-o\" data-toggle=\"tooltip\" title=\"You can translate the content of the site in the backend, without having to wait for visitors to view it first on the front-end. Plugins that only allow front-end translation make translation look easy, but depend on someone first viewing the content before it's available for translation.\"><\/i><\/div>\n                                    <div class=\"wcc-table__item wcc-table__item-check\" data-id=\"polylang\" data-content=\"backendTranslation\"><\/div>\n                                    <div class=\"wcc-table__item wcc-table__item-check\" data-id=\"translatePress\" data-content=\"backendTranslation\"><\/div>\n                                    <div class=\"wcc-table__item wcc-table__item-check\" data-id=\"weglot\" data-content=\"backendTranslation\"><\/div>\n                                    <div class=\"wcc-table__item wcc-table__item-check\" data-id=\"gTranslate\" data-content=\"backendTranslation\"><\/div>\n                                    <div class=\"wcc-table__item wcc-table__item-check\" data-id=\"wpml\" data-content=\"backendTranslation\"><\/div>\n                                    \n                                    <div class=\"wcc-table__label\">Traducci\u00f3n autom\u00e1tica con Google Translate <i class=\"wpml-ico-info-o\" data-toggle=\"tooltip\" title=\"Traduzca su sitio al instante, con tecnolog\u00eda de Google Translate\"><\/i><\/div>\n                                    <div class=\"wcc-table__item wcc-table__item-check\" data-id=\"polylang\" data-content=\"atGoogle\"><\/div>\n                                    <div class=\"wcc-table__item wcc-table__item-check\" data-id=\"translatePress\" data-content=\"atGoogle\"><\/div>\n                                    <div class=\"wcc-table__item wcc-table__item-check\" data-id=\"weglot\" data-content=\"atGoogle\"><\/div>\n                                    <div class=\"wcc-table__item wcc-table__item-check\" data-id=\"gTranslate\" data-content=\"atGoogle\"><\/div>\n                                    <div class=\"wcc-table__item wcc-table__item-check\" data-id=\"wpml\" data-content=\"atGoogle\"><\/div>\n                                    \n                                    <div class=\"wcc-table__label\">Traducci\u00f3n autom\u00e1tica con DeepL <i class=\"wpml-ico-info-o\" data-toggle=\"tooltip\" title=\"Traduzca su sitio al instante con tecnolog\u00eda de DeepL\"><\/i><\/div>\n                                    <div class=\"wcc-table__item wcc-table__item-check\" data-id=\"polylang\" data-content=\"atDeepl\"><\/div>\n                                    <div class=\"wcc-table__item wcc-table__item-check\" data-id=\"translatePress\" data-content=\"atDeepl\"><\/div>\n                                    <div class=\"wcc-table__item wcc-table__item-check\" data-id=\"weglot\" data-content=\"atDeepl\"><\/div>\n                                    <div class=\"wcc-table__item wcc-table__item-check\" data-id=\"gTranslate\" data-content=\"atDeepl\"><\/div>\n                                    <div class=\"wcc-table__item wcc-table__item-check\" data-id=\"wpml\" data-content=\"atDeepl\"><\/div>\n                                    \n                                    <div class=\"wcc-table__label\">SEO multiling\u00fce <i class=\"wpml-ico-info-o\" data-toggle=\"tooltip\" title=\"Traduzca todos los metadatos de las entradas y agregue hreflang a cada p\u00e1gina\"><\/i><\/div>\n                                    <div class=\"wcc-table__item wcc-table__item-check\" data-id=\"polylang\" data-content=\"multilingualSeo\"><i class=\"wpml-ico wpml-ico-check-circle\"><\/i><\/div>\n                                    <div class=\"wcc-table__item wcc-table__item-check\" data-id=\"translatePress\" data-content=\"multilingualSeo\"><i class=\"wpml-ico wpml-ico-check-circle\"><\/i><\/div>\n                                    <div class=\"wcc-table__item wcc-table__item-check\" data-id=\"weglot\" data-content=\"multilingualSeo\"><i class=\"wpml-ico wpml-ico-check-circle\"><\/i><\/div>\n                                    <div class=\"wcc-table__item wcc-table__item-check\" data-id=\"gTranslate\" data-content=\"multilingualSeo\"><i class=\"wpml-ico wpml-ico-check-circle\"><\/i><\/div>\n                                    <div class=\"wcc-table__item wcc-table__item-check\" data-id=\"wpml\" data-content=\"multilingualSeo\"><i class=\"wpml-ico wpml-ico-check-circle\"><\/i><\/div>\n                                    \n                                    <div class=\"wcc-table__label\">Traducir slugs de URL <i class=\"wpml-ico-info-o\" data-toggle=\"tooltip\" title=\"Tenga control completo de los slugs para todos los tipos de contenido\"><\/i><\/div>\n                                    <div class=\"wcc-table__item wcc-table__item-check\" data-id=\"polylang\" data-content=\"translateUrlSlugs\"><i class=\"wpml-ico wpml-ico-check-circle\"><\/i><\/div>\n                                    <div class=\"wcc-table__item wcc-table__item-check\" data-id=\"translatePress\" data-content=\"translateUrlSlugs\"><i class=\"wpml-ico wpml-ico-check-circle\"><\/i><\/div>\n                                    <div class=\"wcc-table__item wcc-table__item-check\" data-id=\"weglot\" data-content=\"translateUrlSlugs\"><i class=\"wpml-ico wpml-ico-check-circle\"><\/i><\/div>\n                                    <div class=\"wcc-table__item wcc-table__item-check\" data-id=\"gTranslate\" data-content=\"translateUrlSlugs\"><i class=\"wpml-ico wpml-ico-check-circle\"><\/i><\/div>\n                                    <div class=\"wcc-table__item wcc-table__item-check\" data-id=\"wpml\" data-content=\"translateUrlSlugs\"><i class=\"wpml-ico wpml-ico-check-circle\"><\/i><\/div>\n                                    \n                                    <div class=\"wcc-table__label\">Compatible con WooCommerce <i class=\"wpml-ico-info-o\" data-toggle=\"tooltip\" title=\"Traduzca los productos simples y variables y mantenga consistencia en el idioma en todo el proceso de compra\"><\/i><\/div>\n                                    <div class=\"wcc-table__item wcc-table__item-check\" data-id=\"polylang\" data-content=\"wooSupport\"><\/div>\n                                    <div class=\"wcc-table__item wcc-table__item-check\" data-id=\"translatePress\" data-content=\"wooSupport\"><\/div>\n                                    <div class=\"wcc-table__item wcc-table__item-check\" data-id=\"weglot\" data-content=\"wooSupport\"><\/div>\n                                    <div class=\"wcc-table__item wcc-table__item-check\" data-id=\"gTranslate\" data-content=\"wooSupport\"><\/div>\n                                    <div class=\"wcc-table__item wcc-table__item-check\" data-id=\"wpml\" data-content=\"wooSupport\"><\/div>\n                                    \n                                    <div class=\"wcc-table__label\">Administraci\u00f3n de traducci\u00f3n <i class=\"wpml-ico-info-o\" data-toggle=\"tooltip\" title=\"Configure un equipo de traductores, asigne tareas y controle el estado general de los traductores de un sitio web\"><\/i><\/div>\n                                    <div class=\"wcc-table__item wcc-table__item-check\" data-id=\"polylang\" data-content=\"translationManagement\"><\/div>\n                                    <div class=\"wcc-table__item wcc-table__item-check\" data-id=\"translatePress\" data-content=\"translationManagement\"><i class=\"wpml-ico wpml-ico-check-circle\"><\/i><\/div>\n                                    <div class=\"wcc-table__item wcc-table__item-check\" data-id=\"weglot\" data-content=\"translationManagement\"><i class=\"wpml-ico wpml-ico-check-circle\"><\/i><\/div>\n                                    <div class=\"wcc-table__item wcc-table__item-check\" data-id=\"gTranslate\" data-content=\"translationManagement\"><i class=\"wpml-ico wpml-ico-check-circle\"><\/i><\/div>\n                                    <div class=\"wcc-table__item wcc-table__item-check\" data-id=\"wpml\" data-content=\"translationManagement\"><i class=\"wpml-ico wpml-ico-check-circle\"><\/i><\/div> \n                                    \n                                    <div class=\"wcc-table__label\">Cantidad de servicios de traducci\u00f3n integrados <i class=\"wpml-ico-info-o\" data-toggle=\"tooltip\" title=\"Servicios de traducci\u00f3n profesional que ofrecen traducciones de la mejor calidad y que funcionan con cada plugin\"><\/i><\/div>\n                                    <div class=\"wcc-table__item\" data-id=\"polylang\" data-content=\"noTs\"><span>1<\/span><\/div>\n                                    <div class=\"wcc-table__item\" data-id=\"translatePress\" data-content=\"noTs\"><span>2<\/span><\/div>\n                                    <div class=\"wcc-table__item\" data-id=\"weglot\" data-content=\"noTs\"><span>1<\/span><\/div>\n                                    <div class=\"wcc-table__item\" data-id=\"gTranslate\" data-content=\"noTs\"><span><\/span><\/div>\n                                    <div class=\"wcc-table__item\" data-id=\"wpml\" data-content=\"noTs\"><span>70<\/span><\/div>\n                                    \n                                    <div class=\"wcc-table__label\">Traducciones de su propiedad <i class=\"wpml-ico-info-o\" data-toggle=\"tooltip\" title=\"Guarde sus traducciones en su propia base de datos para no tener que seguir pagando para mostrar las traducciones en su sitio web.\"><\/i><\/div>\n                                    <div class=\"wcc-table__item\" data-id=\"polylang\" data-content=\"ownTranslations\"><i class=\"wpml-ico wpml-ico-check-circle\"><\/i><\/div>\n                                    <div class=\"wcc-table__item\" data-id=\"translatePress\" data-content=\"ownTranslations\"><i class=\"wpml-ico wpml-ico-check-circle\"><\/i><\/div>\n                                    <div class=\"wcc-table__item\" data-id=\"weglot\" data-content=\"ownTranslations\"><\/div>\n                                    <div class=\"wcc-table__item\" data-id=\"gTranslate\" data-content=\"ownTranslations\"><i class=\"wpml-ico wpml-ico-check-circle\"><\/i><\/div>\n                                    <div class=\"wcc-table__item\" data-id=\"wpml\" data-content=\"ownTranslations\"><i class=\"wpml-ico wpml-ico-check-circle\"><\/i><\/div>\n                                    \n                                    <div class=\"wcc-table__label\">Traduzca correo electr\u00f3nico enviado desde la administraci\u00f3n de WordPress <i class=\"wpml-ico-info-o\" data-toggle=\"tooltip\" title=\"Traduzca los mensajes de correo electr\u00f3nico y dem\u00e1s texto que no aparece en ninguna p\u00e1gina\"><\/i><\/div>\n                                    <div class=\"wcc-table__item\" data-id=\"polylang\" data-content=\"translateEmails\"><i class=\"wpml-ico wpml-ico-check-circle\"><\/i><\/div>\n                                    <div class=\"wcc-table__item\" data-id=\"translatePress\" data-content=\"translateEmails\"><i class=\"wpml-ico wpml-ico-check-circle\"><\/i><\/div>\n                                    <div class=\"wcc-table__item\" data-id=\"weglot\" data-content=\"translateEmails\"><\/div>\n                                    <div class=\"wcc-table__item\" data-id=\"gTranslate\" data-content=\"translateEmails\"><i class=\"wpml-ico wpml-ico-check-circle\"><\/i><\/div>\n                                    <div class=\"wcc-table__item\" data-id=\"wpml\" data-content=\"translateEmails\"><i class=\"wpml-ico wpml-ico-check-circle\"><\/i><\/div>\n\n                                <\/div>\n                            <\/div>\n                        <\/div>\n\n<div class=\"wp-block-toolset-blocks-grid tb-grid\" data-toolset-blocks-grid=\"3e5c71a1ca979719795a70892bd7f7c9\">\n<div class=\"wp-block-toolset-blocks-grid-column tb-grid-column tb-grid-align-top\" data-toolset-blocks-grid-column=\"3034fbe886c11054e95b46b09d3e4112\"><\/div>\n\n\n\n<div class=\"wp-block-toolset-blocks-grid-column tb-grid-column tb-grid-align-top\" data-toolset-blocks-grid-column=\"3034fbe886c11054e95b46b09d3e4112\">\n<p class=\"tb-heading has-text-color\" data-toolset-blocks-heading=\"0eacdb27b1afbc931cf188c9a0fde188\" data-last-update=\"1.4\">* Los sitios web de empresas tienen alrededor de <strong>20<\/strong> p\u00e1ginas con <strong>500<\/strong> palabras cada una. Los sitios web de e-comercio tienen <strong>100<\/strong> productos con <strong>300<\/strong> palabras cada uno. Use nuestra <a href=\"https:\/\/wpml.org\/es\/documentation-2\/traduccion-automatica-para-contenido-de-wordpress-con-wpml\/precios-del-servicio-de-traduccion-automatica\/#how-automatic-translation-works\">Calculadora de precio de traducci\u00f3n autom\u00e1tica<\/a> para obtener presupuestos m\u00e1s precisos.<\/p>\n<\/div>\n<\/div>\n\n<a class=\"wp-block-toolset-blocks-container tb-container tb-container-parallax\" href=\"https:\/\/wpml.org\/purchase\/pre-sales-questions\/\" style=\"display:block\" data-toolset-blocks-container=\"783ccc2b4f803afb321f91f361dc20e0\">\n<div class=\"wp-block-toolset-blocks-grid tb-grid\" data-toolset-blocks-grid=\"52d162b93134ca30d8a9c981427cc702\">\n<div class=\"wp-block-toolset-blocks-grid-column tb-grid-column tb-grid-align-center\" data-toolset-blocks-grid-column=\"f586ff7bfe1d7317c63162ec7b7039ed\">\n<h3 class=\"tb-heading has-text-color\" data-toolset-blocks-heading=\"d119d09f7795435fe2bfe3040f18aeaf\" data-last-update=\"1.4\">\u00bfNecesita m\u00e1s informaci\u00f3n?<\/h3>\n\n\n\n<p class=\"tb-heading has-text-color\" data-toolset-blocks-heading=\"132693457eee3be8b3c0e9cdf56bbf4b\" data-last-update=\"1.4\">Estamos aqu\u00ed para responder cualquier pregunta que tenga<\/p>\n<\/div>\n\n\n\n<div class=\"wp-block-toolset-blocks-grid-column tb-grid-column tb-grid-align-center\" data-toolset-blocks-grid-column=\"f586ff7bfe1d7317c63162ec7b7039ed\">\n<div class=\"wp-block-toolset-blocks-container tb-container\" data-toolset-blocks-container=\"7bd882638d55d53c35625bfad35f560f\"><\/div>\n<\/div>\n<\/div>\n<\/a>\n","protected":false},"excerpt":{"rendered":"","protected":false},"author":92851,"featured_media":0,"parent":1090,"menu_order":73,"comment_status":"closed","ping_status":"closed","template":"template-full-header-with-wrapper.php","meta":{"ep_exclude_from_search":false,"footnotes":""},"related-projects-category":[],"_links":{"self":[{"href":"https:\/\/wpml.org\/es\/wp-json\/wp\/v2\/pages\/968986"}],"collection":[{"href":"https:\/\/wpml.org\/es\/wp-json\/wp\/v2\/pages"}],"about":[{"href":"https:\/\/wpml.org\/es\/wp-json\/wp\/v2\/types\/page"}],"author":[{"embeddable":true,"href":"https:\/\/wpml.org\/es\/wp-json\/wp\/v2\/users\/92851"}],"replies":[{"embeddable":true,"href":"https:\/\/wpml.org\/es\/wp-json\/wp\/v2\/comments?post=968986"}],"version-history":[{"count":10,"href":"https:\/\/wpml.org\/es\/wp-json\/wp\/v2\/pages\/968986\/revisions"}],"predecessor-version":[{"id":12588387,"href":"https:\/\/wpml.org\/es\/wp-json\/wp\/v2\/pages\/968986\/revisions\/12588387"}],"up":[{"embeddable":true,"href":"https:\/\/wpml.org\/es\/wp-json\/wp\/v2\/pages\/1090"}],"wp:attachment":[{"href":"https:\/\/wpml.org\/es\/wp-json\/wp\/v2\/media?parent=968986"}],"wp:term":[{"taxonomy":"related-projects-category","embeddable":true,"href":"https:\/\/wpml.org\/es\/wp-json\/wp\/v2\/related-projects-category?post=968986"}],"curies":[{"name":"wp","href":"https:\/\/api.w.org\/{rel}","templated":true}]}}