{"id":97645,"date":"2013-01-18T18:56:16","date_gmt":"2013-01-18T18:56:16","guid":{"rendered":"http:\/\/wpml.org\/documentation-2\/proyectos-relacionados\/"},"modified":"2024-01-18T06:48:00","modified_gmt":"2024-01-18T06:48:00","slug":"proyectos-relacionados","status":"publish","type":"page","link":"https:\/\/wpml.org\/es\/documentation-2\/proyectos-relacionados\/","title":{"rendered":"Proyectos relacionados"},"content":{"rendered":"\n<div class=\"wp-block-toolset-blocks-container tb-container\" data-toolset-blocks-container=\"bd2e94b9989cc14eb39c6fbe0a58b640\"><div class=\"tb-container-inner\">\n<p class=\"tb-heading\" data-toolset-blocks-heading=\"fd2bebae4a20c4be8f67d0b557f121dc\" data-last-update=\"1.4\">Adem\u00e1s de WPML, proporcionamos herramientas adicionales para ayudarte a traducir diversos aspectos de tu web. Construye f\u00e1cilmente una web multiling\u00fce completa con nuestras soluciones f\u00e1ciles de usar que se integran a la perfecci\u00f3n con las mejores extensiones de WordPress.<\/p>\n<\/div><\/div>\n<div class=\"wpv-view-output\" data-toolset-views-view-editor=\"12b407ef93b4d2f7b2871efd417e6797\"><div class=\"wpv-view-wrapper\"><div class=\"wpv-custom-search-loading-overlay js-wpv-custom-search-loading-overlay\" style=\"display:none;background:rgba( 255, 255, 255, 0 );\">\n\t\t\t\t\t<div class=\"spinner\">\n\t\t\t\t\t\t<div class=\"icon\" style=\"background:url(https:\/\/wpml.org\/wp-content\/plugins\/wp-views\/embedded\/res\/img\/ajax-loader3.svg)\"><\/div>\n\t\t\t\t\t<\/div>\n\t\t\t\t<\/div><div class=\"wp-block-toolset-views-view-editor\">\n<div class=\"wp-block-toolset-blocks-container tb-container\" data-toolset-blocks-container=\"f1f6cf433548e794e350cca473324a7f\"><div class=\"tb-container-inner\">\n<div class=\"wp-block-toolset-views-custom-search-container\"><form autocomplete=\"off\" name=\"wpv-filter-13463167-TCPID97645\" action=\"\/es\/wp-json\/wp\/v2\/pages\/97645?wpv_view_count=13463167-TCPID97645\" method=\"get\" class=\"wpv-filter-form js-wpv-filter-form js-wpv-filter-form-13463167-TCPID97645 js-wpv-form-full js-wpv-dps-enabled js-wpv-ajax-results-enabled\" data-viewnumber=\"13463167-TCPID97645\" data-viewid=\"13463167\" data-viewhash=\"eyJuYW1lIjoicmVsYXRlZC1wcm9qZWN0cyJ9\" data-viewwidgetid=\"0\" data-orderby=\"\" data-order=\"\" data-orderbyas=\"\" data-orderbysecond=\"\" data-ordersecond=\"\" data-parametric=\"{&quot;query&quot;:&quot;normal&quot;,&quot;id&quot;:13463167,&quot;view_id&quot;:13463167,&quot;widget_id&quot;:0,&quot;view_hash&quot;:&quot;13463167-TCPID97645&quot;,&quot;action&quot;:&quot;\\\/es\\\/wp-json\\\/wp\\\/v2\\\/pages\\\/97645?wpv_view_count=13463167-TCPID97645&quot;,&quot;sort&quot;:{&quot;orderby&quot;:&quot;&quot;,&quot;order&quot;:&quot;&quot;,&quot;orderby_as&quot;:&quot;&quot;,&quot;orderby_second&quot;:&quot;&quot;,&quot;order_second&quot;:&quot;&quot;},&quot;orderby&quot;:&quot;&quot;,&quot;order&quot;:&quot;&quot;,&quot;orderby_as&quot;:&quot;&quot;,&quot;orderby_second&quot;:&quot;&quot;,&quot;order_second&quot;:&quot;&quot;,&quot;ajax_form&quot;:&quot;&quot;,&quot;ajax_results&quot;:&quot;&quot;,&quot;effect&quot;:&quot;fade&quot;,&quot;prebefore&quot;:&quot;&quot;,&quot;before&quot;:&quot;&quot;,&quot;after&quot;:&quot;&quot;,&quot;attributes&quot;:[],&quot;environment&quot;:{&quot;current_post_id&quot;:97645,&quot;parent_post_id&quot;:97645,&quot;parent_term_id&quot;:0,&quot;parent_user_id&quot;:0,&quot;archive&quot;:{&quot;type&quot;:&quot;&quot;,&quot;name&quot;:&quot;&quot;,&quot;data&quot;:[]}},&quot;loop&quot;:{&quot;type&quot;:&quot;&quot;,&quot;name&quot;:&quot;&quot;,&quot;data&quot;:[],&quot;id&quot;:0}}\" data-attributes=\"[]\" data-environment=\"{&quot;current_post_id&quot;:97645,&quot;parent_post_id&quot;:97645,&quot;parent_term_id&quot;:0,&quot;parent_user_id&quot;:0,&quot;archive&quot;:{&quot;type&quot;:&quot;&quot;,&quot;name&quot;:&quot;&quot;,&quot;data&quot;:[]}}\"><input type=\"hidden\" class=\"js-wpv-dps-filter-data js-wpv-filter-data-for-this-form\" data-action=\"\/es\/wp-json\/wp\/v2\/pages\/97645?wpv_view_count=13463167-TCPID97645\" data-page=\"1\" data-ajax=\"enable\" data-effect=\"fade\" data-maxpages=\"0\" data-ajaxprebefore=\"\" data-ajaxbefore=\"\" data-ajaxafter=\"\" \/><input class=\"wpv_view_count wpv_view_count-13463167-TCPID97645\" type=\"hidden\" name=\"wpv_view_count\" value=\"13463167-TCPID97645\" \/> <div>\n<div class=\"wp-block-toolset-blocks-grid tb-grid\" data-toolset-blocks-grid=\"83ae1f9bb26c3f4528f4604370d54270\">\n<div class=\"wp-block-toolset-blocks-grid-column tb-grid-column tb-grid-align-top\" data-toolset-blocks-grid-column=\"3034fbe886c11054e95b46b09d3e4112\"><\/div>\n\n\n\n<div class=\"wp-block-toolset-blocks-grid-column tb-grid-column tb-grid-align-top\" data-toolset-blocks-grid-column=\"3034fbe886c11054e95b46b09d3e4112\"><\/div>\n\n\n\n<div class=\"wp-block-toolset-blocks-grid-column tb-grid-column tb-grid-align-top\" data-toolset-blocks-grid-column=\"3034fbe886c11054e95b46b09d3e4112\">\n<div class=\"wp-block-toolset-views-custom-search-filter wpv-custom-search-filter wpv-custom-search-filter-label-top\" data-toolset-views-custom-search-filter=\"849814c662e41bf8c56007a999863a5a\"><div><div class=\"form-group\"><span class=\"wpv-custom-search-filter__input\"><select name=\"wpv-related-projects-category\" class=\"js-wpv-filter-trigger form-control\"><option selected='selected' value=\"0\">- Todas las Categor\u00edas -<\/option><option value=\"build-advanced-sites-es\">Build advanced sites<\/option><option value=\"e-commerce-es\">E-commerce<\/option><option value=\"forms-es\">Forms<\/option><option value=\"seo-es\">SEO<\/option><\/select><\/span><\/div><\/div><\/div>\n<\/div>\n<\/div>\n<\/div> <\/form><\/div>\n\n\n<div id=\"wpv-view-layout-13463167-TCPID97645\" class=\"js-wpv-view-layout js-wpv-layout-responsive js-wpv-view-layout-13463167-TCPID97645\" data-viewnumber=\"13463167-TCPID97645\" data-pagination=\"{&quot;id&quot;:13463167,&quot;query&quot;:&quot;normal&quot;,&quot;type&quot;:&quot;disabled&quot;,&quot;effect&quot;:&quot;fade&quot;,&quot;duration&quot;:500,&quot;speed&quot;:5,&quot;pause_on_hover&quot;:&quot;enabled&quot;,&quot;stop_rollover&quot;:&quot;false&quot;,&quot;cache_pages&quot;:&quot;enabled&quot;,&quot;preload_images&quot;:&quot;enabled&quot;,&quot;preload_pages&quot;:&quot;enabled&quot;,&quot;preload_reach&quot;:1,&quot;spinner&quot;:&quot;builtin&quot;,&quot;spinner_image&quot;:&quot;https:\/\/wpml.org\/wp-content\/plugins\/wp-views\/embedded\/res\/img\/ajax-loader.gif&quot;,&quot;callback_next&quot;:&quot;&quot;,&quot;manage_history&quot;:&quot;disabled&quot;,&quot;has_controls_in_form&quot;:&quot;disabled&quot;,&quot;infinite_tolerance&quot;:&quot;0&quot;,&quot;max_pages&quot;:0,&quot;page&quot;:1,&quot;base_permalink&quot;:&quot;\/es\/wp-json\/wp\/v2\/pages\/97645?wpv_view_count=13463167-TCPID97645&amp;wpv_paged=WPV_PAGE_NUM&quot;,&quot;loop&quot;:{&quot;type&quot;:&quot;&quot;,&quot;name&quot;:&quot;&quot;,&quot;data&quot;:[],&quot;id&quot;:0}}\" data-permalink=\"\/es\/wp-json\/wp\/v2\/pages\/97645?wpv_view_count=13463167-TCPID97645\">\n<div class=\"js-wpv-loop-wrapper\"><div class=\"tb-grid\"><div class=\"tb-grid-column\">\n<div class=\"wp-block-toolset-views-view-template-block wpv-block-loop-item php-to-be-replaced-with-shortcode\" data-toolset-views-view-template-block=\"229f8d21fffe8fbefe2a50d84bf935b1\">\n<div class=\"tb-field showcase-tax\" data-toolset-blocks-field=\"7a1051273cf99f513dd823c9e02be522\" data-last-update=\"1.4\">E-commerce<\/div>\n\n\n\n<div class=\"tb-button mention-btn\" data-toolset-blocks-button=\"c99bd361af5061591097b01de874ee92\"><a class=\"tb-button__link\" href=\"https:\/\/wpml.org\/es\/documentation-2\/proyectos-relacionados\/woocommerce-multilingual-ofrezca-sitios-web-con-ecomercio-en-varios-idiomas\/\"><span class=\"tb-button__content\">WooCommerce Multilingual &#8211; Sitios WooCommerce Multiling\u00fces M\u00e1s F\u00e1ciles<\/span><i class=\"tb-button__icon\"><\/i><\/a><\/div>\n\n\n\n<div class=\"tb-field\" data-toolset-blocks-field=\"0ffb88e4739c9090a743afdc5ca844ad\" data-last-update=\"1.4\">WooCommerce Multilingual facilita la gesti\u00f3n de sitios de comercio electr\u00f3nico multiling\u00fces con WooCommerce y WPML. La extensi\u00f3n agiliza el proceso de traducci\u00f3n, de modo que s\u00f3lo tendr\u00e1 que traducir los textos. Las traducciones de productos, categor\u00edas y...<\/div>\n<\/div>\n<\/div><div class=\"tb-grid-column\">\n<div class=\"wp-block-toolset-views-view-template-block wpv-block-loop-item php-to-be-replaced-with-shortcode\" data-toolset-views-view-template-block=\"229f8d21fffe8fbefe2a50d84bf935b1\">\n<div class=\"tb-field showcase-tax\" data-toolset-blocks-field=\"7a1051273cf99f513dd823c9e02be522\" data-last-update=\"1.4\"><\/div>\n\n\n\n<div class=\"tb-button mention-btn\" data-toolset-blocks-button=\"c99bd361af5061591097b01de874ee92\"><a class=\"tb-button__link\" href=\"https:\/\/wpml.org\/es\/documentation-2\/proyectos-relacionados\/importar-varios-idiomas-con-wp-all-import-y-wpml\/\"><span class=\"tb-button__content\">Importar varios idiomas con WP All Import y WPML<\/span><i class=\"tb-button__icon\"><\/i><\/a><\/div>\n\n\n\n<div class=\"tb-field\" data-toolset-blocks-field=\"0ffb88e4739c9090a743afdc5ca844ad\" data-last-update=\"1.4\">Con WP All Import, WPML y el complemento WPML All Import, puede importar contenido en varios idiomas. Esto incluye entradas, p\u00e1ginas, productos de WooCommerce, taxonom\u00edas, medios y otros campos personalizados y tipos de entradas. Esta p\u00e1gina le...<\/div>\n<\/div>\n<\/div><div class=\"tb-grid-column\">\n<div class=\"wp-block-toolset-views-view-template-block wpv-block-loop-item php-to-be-replaced-with-shortcode\" data-toolset-views-view-template-block=\"229f8d21fffe8fbefe2a50d84bf935b1\">\n<div class=\"tb-field showcase-tax\" data-toolset-blocks-field=\"7a1051273cf99f513dd823c9e02be522\" data-last-update=\"1.4\">Build advanced sites<\/div>\n\n\n\n<div class=\"tb-button mention-btn\" data-toolset-blocks-button=\"c99bd361af5061591097b01de874ee92\"><a class=\"tb-button__link\" href=\"https:\/\/wpml.org\/es\/documentation-2\/proyectos-relacionados\/wpml-graphql-anade-funcionalidad-multilingue-al-esquema-wpgraphql\/\"><span class=\"tb-button__content\">WPML GraphQL &#8211; A\u00f1ade funcionalidad multiling\u00fce al esquema WPGraphQL<\/span><i class=\"tb-button__icon\"><\/i><\/a><\/div>\n\n\n\n<div class=\"tb-field\" data-toolset-blocks-field=\"0ffb88e4739c9090a743afdc5ca844ad\" data-last-update=\"1.4\"><span><span><a href=\"https:\/\/wpml.org\/es\/pagina-principal\/\">Home<\/a><\/span><\/span> WPML GraphQL - A\u00f1ade funcionalidad multiling\u00fce al esquema WPGraphQL WPML GraphQL ampl\u00eda las capacidades del plugin WPGraphQL, convirti\u00e9ndolo en la soluci\u00f3n ideal para los desarrolladores que deseen crear webs multiling\u00fces utilizando tecnolog\u00edas front-end. Experimente la facilidad...<\/div>\n<\/div>\n<\/div><div class=\"tb-grid-column\">\n<div class=\"wp-block-toolset-views-view-template-block wpv-block-loop-item php-to-be-replaced-with-shortcode\" data-toolset-views-view-template-block=\"229f8d21fffe8fbefe2a50d84bf935b1\">\n<div class=\"tb-field showcase-tax\" data-toolset-blocks-field=\"7a1051273cf99f513dd823c9e02be522\" data-last-update=\"1.4\">SEO<\/div>\n\n\n\n<div class=\"tb-button mention-btn\" data-toolset-blocks-button=\"c99bd361af5061591097b01de874ee92\"><a class=\"tb-button__link\" href=\"https:\/\/wpml.org\/es\/documentation-2\/proyectos-relacionados\/wpml-seo\/\"><span class=\"tb-button__content\">WPML SEO<\/span><i class=\"tb-button__icon\"><\/i><\/a><\/div>\n\n\n\n<div class=\"tb-field\" data-toolset-blocks-field=\"0ffb88e4739c9090a743afdc5ca844ad\" data-last-update=\"1.4\">WPML SEO hace que tu sitio multiling\u00fce sea compatible con los populares plugins de SEO Yoast y Rank Math. Llega a un p\u00fablico global optimizando tu sitio para los motores de b\u00fasqueda en diferentes idiomas. Aumenta el...<\/div>\n<\/div>\n<\/div><div class=\"tb-grid-column\">\n<div class=\"wp-block-toolset-views-view-template-block wpv-block-loop-item php-to-be-replaced-with-shortcode\" data-toolset-views-view-template-block=\"229f8d21fffe8fbefe2a50d84bf935b1\">\n<div class=\"tb-field showcase-tax\" data-toolset-blocks-field=\"7a1051273cf99f513dd823c9e02be522\" data-last-update=\"1.4\"><\/div>\n\n\n\n<div class=\"tb-button mention-btn\" data-toolset-blocks-button=\"c99bd361af5061591097b01de874ee92\"><a class=\"tb-button__link\" href=\"https:\/\/wpml.org\/es\/documentation-2\/proyectos-relacionados\/toolset\/\"><span class=\"tb-button__content\">Toolset<\/span><i class=\"tb-button__icon\"><\/i><\/a><\/div>\n\n\n\n<div class=\"tb-field\" data-toolset-blocks-field=\"0ffb88e4739c9090a743afdc5ca844ad\" data-last-update=\"1.4\">Toolset es un conjunto de plugins para desarrolladores web que no son codificadores PHP pero que aspiran a desarrollar proyectos de WordPress m\u00e1s exigentes. Toolset permite agregar tipos de entradas y campos personalizados a un sitio y...<\/div>\n<\/div>\n<\/div><div class=\"tb-grid-column\">\n<div class=\"wp-block-toolset-views-view-template-block wpv-block-loop-item php-to-be-replaced-with-shortcode\" data-toolset-views-view-template-block=\"229f8d21fffe8fbefe2a50d84bf935b1\">\n<div class=\"tb-field showcase-tax\" data-toolset-blocks-field=\"7a1051273cf99f513dd823c9e02be522\" data-last-update=\"1.4\">Forms<\/div>\n\n\n\n<div class=\"tb-button mention-btn\" data-toolset-blocks-button=\"c99bd361af5061591097b01de874ee92\"><a class=\"tb-button__link\" href=\"https:\/\/wpml.org\/es\/documentation-2\/proyectos-relacionados\/gravity-forms-multilingual\/\"><span class=\"tb-button__content\">Gravity Forms Multilingual<\/span><i class=\"tb-button__icon\"><\/i><\/a><\/div>\n\n\n\n<div class=\"tb-field\" data-toolset-blocks-field=\"0ffb88e4739c9090a743afdc5ca844ad\" data-last-update=\"1.4\">WPML te permite traducir los textos que aparecen en tus formularios Gravity Forms a otros idiomas de tu sitio. Una vez traducido, el formulario se muestra autom\u00e1ticamente en el idioma correcto en el front-end.<\/div>\n<\/div>\n<\/div><div class=\"tb-grid-column\">\n<div class=\"wp-block-toolset-views-view-template-block wpv-block-loop-item php-to-be-replaced-with-shortcode\" data-toolset-views-view-template-block=\"229f8d21fffe8fbefe2a50d84bf935b1\">\n<div class=\"tb-field showcase-tax\" data-toolset-blocks-field=\"7a1051273cf99f513dd823c9e02be522\" data-last-update=\"1.4\"><\/div>\n\n\n\n<div class=\"tb-button mention-btn\" data-toolset-blocks-button=\"c99bd361af5061591097b01de874ee92\"><a class=\"tb-button__link\" href=\"https:\/\/wpml.org\/es\/documentation-2\/proyectos-relacionados\/migracion-desde-polylang-a-wpml\/\"><span class=\"tb-button__content\">Migraci\u00f3n desde Polylang a WPML<\/span><i class=\"tb-button__icon\"><\/i><\/a><\/div>\n\n\n\n<div class=\"tb-field\" data-toolset-blocks-field=\"0ffb88e4739c9090a743afdc5ca844ad\" data-last-update=\"1.4\"><\/div>\n<\/div>\n<\/div><\/div><\/div><\/div><\/div><\/div>\n<\/div><\/div><\/div>","protected":false},"excerpt":{"rendered":"<p>Junto con WPML, tambi\u00e9n mantenemos varios proyectos relacionados, que permiten que otros tipos de sitios funcionen en varios idiomas.  <\/p>\n","protected":false},"author":2,"featured_media":0,"parent":3315,"menu_order":52,"comment_status":"closed","ping_status":"closed","template":"nosidebar-template.php","meta":{"ep_exclude_from_search":false,"footnotes":""},"related-projects-category":[],"_links":{"self":[{"href":"https:\/\/wpml.org\/es\/wp-json\/wp\/v2\/pages\/97645"}],"collection":[{"href":"https:\/\/wpml.org\/es\/wp-json\/wp\/v2\/pages"}],"about":[{"href":"https:\/\/wpml.org\/es\/wp-json\/wp\/v2\/types\/page"}],"author":[{"embeddable":true,"href":"https:\/\/wpml.org\/es\/wp-json\/wp\/v2\/users\/2"}],"replies":[{"embeddable":true,"href":"https:\/\/wpml.org\/es\/wp-json\/wp\/v2\/comments?post=97645"}],"version-history":[{"count":7,"href":"https:\/\/wpml.org\/es\/wp-json\/wp\/v2\/pages\/97645\/revisions"}],"predecessor-version":[{"id":15198068,"href":"https:\/\/wpml.org\/es\/wp-json\/wp\/v2\/pages\/97645\/revisions\/15198068"}],"up":[{"embeddable":true,"href":"https:\/\/wpml.org\/es\/wp-json\/wp\/v2\/pages\/3315"}],"wp:attachment":[{"href":"https:\/\/wpml.org\/es\/wp-json\/wp\/v2\/media?parent=97645"}],"wp:term":[{"taxonomy":"related-projects-category","embeddable":true,"href":"https:\/\/wpml.org\/es\/wp-json\/wp\/v2\/related-projects-category?post=97645"}],"curies":[{"name":"wp","href":"https:\/\/api.w.org\/{rel}","templated":true}]}}