{"id":1076596,"date":"2016-09-13T08:32:27","date_gmt":"2016-09-13T08:32:27","guid":{"rendered":"https:\/\/wpml.org\/it\/purchase\/processo-di-acquisto\/"},"modified":"2020-10-27T14:16:48","modified_gmt":"2020-10-27T14:16:48","slug":"processo-di-acquisto","status":"publish","type":"page","link":"https:\/\/wpml.org\/it\/purchase\/processo-di-acquisto\/","title":{"rendered":"Processo di acquisto"},"content":{"rendered":"<p class=\"lead\">Tipicamente ordinare ed eseguire WPML sul vostro sito richiede pochi minuti. I pagamenti con carta di credito vengono elaborati automaticamente e riceverete il nuovo account, pronto da scaricare e utilizzare.<\/p>\n<p>Potete pagare per WPML utilizzando una carta di credito, PayPal, carte di debito o bonifici bancari (tramite eCheck di PayPal). I pagamenti con carta di credito o di debito vengono elaborati in meno di un minuto. I bonifici vengono elaborati in diversi giorni (a seconda del luogo in cui vivete). Quando il pagamento \u00e8 completato, riceverete un&#8217;e-mail con le informazioni del vostro account. Poi potete scaricare WPML e installarlo nel vostro sito.<\/p>\n<h2>Fase 1) Scegliere la versione di WPML che volete acquistare<\/h2>\n<p>Puoi scegliere tra le versioni <a href=\"https:\/\/wpml.org\/purchase\/?add-to-cart=2436660\">Multilingual CMS<\/a>, <a href=\"https:\/\/wpml.org\/purchase\/?add-to-cart=2436659\">Multilingual Blog<\/a> e <a href=\"https:\/\/wpml.org\/purchase\/?add-to-cart=2436661\">Multilingual Agency<\/a>. Multilingual CMS \u00e8 la nostra versione pi\u00f9 completa, che consente di tradurre i siti pi\u00f9 complessi con WordPress. Include tutto l&#8217;occorrente per pagine, tipi personalizzati e post (per un blog). La versione Multilingual Blog \u00e8 destinata ai siti pi\u00f9 semplici, che sono principalmente blog di WordPress. <a href=\"https:\/\/wpml.org\/purchase\/?add-to-cart=2436661\">Multilingual Agency<\/a> include anche tutti i componenti di WPML, ma vi consente di installare WPML su un numero illimitato di siti.<\/p>\n<p>Per un confronto parallelo, consultate i <a href=\"https:\/\/wpml.org\/purchase\/\">prezzi di WPML<\/a>.<\/p>\n<p>\u00c8 sempre possibile passare a un tipo di account superiore e pagare solo la differenza.<\/p>\n<h2>Fase 2) Inserire il vostro nome ed e-mail e scegliere il sistema di pagamento<\/h2>\n<p>Tutto ci\u00f2 che ci serve \u00e8 il vostro nome, cognome ed e-mail. Li richiediamo per poter creare il vostro account e consegnarvi l&#8217;ordine. Inseriremo i dati della vostra carta di credito direttamente su PayPal o un processore di pagamento alternativo. Entrambi i sistemi di pagamento supportano le carte di credito e di debito. Per i bonifici dovrete avere un account di PayPal e aggiungere un conto corrente bancario.<\/p>\n<h2>Fase 3) Pagare online<\/h2>\n<p>Verrete indirizzati al processore di pagamento che avete scelto. Sia PayPal che il processore di pagamento alternativo sono caratterizzati dalla sicurezza di classe mondiale e dalla protezione antifrode. Per maggiori informazioni su questo argomento, leggete la nostra <a href=\"https:\/\/wpml.org\/documentation\/privacy-policy-and-gdpr-compliance\/\">informativa sulla privacy e la sicurezza<\/a>. In breve, proteggiamo le vostre informazioni e ci assicuriamo che non possano mai essere compromesse. Non riceviamo n\u00e9 archiviamo alcuna informazione finanziaria.<\/p>\n<h2>Fase 4) Ricevere il vostro account WPML e scaricare<\/h2>\n<p>Non appena viene completato il pagamento, creiamo automaticamente il vostro account WPML. I pagamenti con carta di credito o di debito vengono completati quasi istantaneamente, i bonifici impiegheranno qualche giorno.<\/p>\n<p>Poi, accedete al vostro account, cliccate su <strong>Download<\/strong> e scaricate WPML. Ora avete finito. Per configurare correttamente e utilizzare WPML vi consigliamo di seguire la <a href=\"https:\/\/wpml.org\/documentation\/getting-started-guide\/\">guida introduttiva<\/a>.<\/p>\n<p>Vi serve aiuto? <a href=\"https:\/\/wpml.org\/home\/contact-us\/\">Contattateci<\/a>!<\/p>\n","protected":false},"excerpt":{"rendered":"<p>Tipicamente ordinare ed eseguire WPML sul vostro sito richiede pochi minuti. I pagamenti con carta di credito vengono elaborati automaticamente e riceverete il nuovo account, pronto da scaricare e utilizzare. Potete pagare per WPML utilizzando una carta di credito, PayPal, carte di debito o bonifici bancari (tramite eCheck di PayPal). I pagamenti con carta di [&hellip;]<\/p>\n","protected":false},"author":2,"featured_media":0,"parent":140283,"menu_order":40,"comment_status":"closed","ping_status":"closed","template":"","meta":{"ep_exclude_from_search":false,"footnotes":""},"related-projects-category":[],"_links":{"self":[{"href":"https:\/\/wpml.org\/it\/wp-json\/wp\/v2\/pages\/1076596"}],"collection":[{"href":"https:\/\/wpml.org\/it\/wp-json\/wp\/v2\/pages"}],"about":[{"href":"https:\/\/wpml.org\/it\/wp-json\/wp\/v2\/types\/page"}],"author":[{"embeddable":true,"href":"https:\/\/wpml.org\/it\/wp-json\/wp\/v2\/users\/2"}],"replies":[{"embeddable":true,"href":"https:\/\/wpml.org\/it\/wp-json\/wp\/v2\/comments?post=1076596"}],"version-history":[{"count":7,"href":"https:\/\/wpml.org\/it\/wp-json\/wp\/v2\/pages\/1076596\/revisions"}],"predecessor-version":[{"id":7317427,"href":"https:\/\/wpml.org\/it\/wp-json\/wp\/v2\/pages\/1076596\/revisions\/7317427"}],"up":[{"embeddable":true,"href":"https:\/\/wpml.org\/it\/wp-json\/wp\/v2\/pages\/140283"}],"wp:attachment":[{"href":"https:\/\/wpml.org\/it\/wp-json\/wp\/v2\/media?parent=1076596"}],"wp:term":[{"taxonomy":"related-projects-category","embeddable":true,"href":"https:\/\/wpml.org\/it\/wp-json\/wp\/v2\/related-projects-category?post=1076596"}],"curies":[{"name":"wp","href":"https:\/\/api.w.org\/{rel}","templated":true}]}}