{"id":137788,"date":"2013-07-03T10:40:37","date_gmt":"2013-07-03T10:40:37","guid":{"rendered":"http:\/\/wpml.org\/politica-dellassistenza\/"},"modified":"2022-09-26T04:55:05","modified_gmt":"2022-09-26T04:55:05","slug":"politica-dellassistenza","status":"publish","type":"page","link":"https:\/\/wpml.org\/it\/purchase\/politica-dellassistenza\/","title":{"rendered":"Politica di assistenza"},"content":{"rendered":"\n<p class=\"lead\">Il vostro account di WPML vi garantisce l&#8217;accesso all&#8217;assitenza della migliore qualit\u00e0.<\/p>\n\n<p>I nostri operatori dell&#8217;assistenza sono qui per aiutarvi a sfruttare al massimo WPML, rispondendo alle domande, risolvendo i problemi e indirizzandovi nella direzione giusta.<\/p>\n\n<p>Forniamo tutta l&#8217;assitenza tecnica ai clienti con un account valido attraverso il nostro <a href=\"https:\/\/wpml.org\/de\/forums\/forum\/support-in-deutsch\/\">forum<\/a>.<\/p>\n\n<h2 class=\"wp-block-heading\">Siamo qui per aiutarvi<\/h2>\n\n<p>Quando avete bisogno di assistenza ci faremo in quattro per risolvere i vostri problemi.<\/p>\n\n<p>Faremo del nostro meglio per risolvere il problema da soli, senza mandarvi altrove. Ad esempio, anche se il problema \u00e8 dovuto a un altro tema plug-in, cercheremo di fornire una soluzione praticabile.<\/p>\n\n<h2 class=\"wp-block-heading\">Rispondiamo dei nostri plug-in e servizi<\/h2>\n\n<p>Qualsiasi problema che si verifichi all&#8217;interno dei nostri plug-in e servizi \u00e8 una nostra responsabilit\u00e0 al 100%. Questo include WPML e i suoi plug-in aggiuntivi, i nostri plug- in Toolset e il servizio di traduzione automatica.<\/p>\n\n<p>Garantiamo che i nostri prodotti e servizi:<\/p>\n\n<ul><li>Funzionano come pubblicizzato<\/li><li>Sono facili da utilizzare<\/li><li>Hanno buone prestazioni<\/li><li>Sono sicuri<\/li><li>Sono compatibili con WordPress<\/li><\/ul>\n\n<p>In caso di problemi con WPML, il nostro team di assistenza e di sviluppo lavorer\u00e0 insieme per assicurarsi che il problema venga risolto il prima possibile.<\/p>\n\n<h2 class=\"wp-block-heading\">Assistenza per problemi di compatibilit\u00e0<\/h2>\n\n<p>Rendiamo WPML compatibile con i prodotti di terzi sviluppando il codice per i nostri plug-in. Inoltre aiutiamo i nostri partner a scrivere il codice per i loro temi e plug-in. <\/p>\n\n<p>La nostra priorit\u00e0 \u00e8 far funzionare il vostro sito. A volte non riusciamo ad aiutare a risolvere un problema di compatibilit\u00e0 causato da un tema o plug-in di terzi. Tuttavia, faremo del nostro meglio per offrirvi soluzioni o suggerire alternative che vi consentano di portare a termine il lavoro.<\/p>\n\n<p>Detto questo, il modo migliore per evitare problemi di compatibilit\u00e0 \u00e8 scegliere <a href=\"https:\/\/wpml.org\/plugin\">plug-in<\/a> o <a href=\"https:\/\/wpml.org\/theme\/\">temi<\/a> il cui funzionamento con WPML \u00e8 gi\u00e0 stato testato e confermato. <\/p>\n\n<h2 class=\"wp-block-heading\">Assistenza per il codice personalizzato<\/h2>\n\n<p>Il vostro sito potrebbe utilizzare un codice personalizzato per il quale non possiamo assumerci la responsabilit\u00e0. Tuttavia, faremo del nostro meglio per utilizzare le nostre competenze, l&#8217;esperienza e le conoscenze per aiutarvi a risolvere i problemi del vostro codice personalizzato.<\/p>\n\n<h2 class=\"wp-block-heading\">Oltre al nostro supporto necessitate di assistenza tecnica?<\/h2>\n\n<p>Anche se alcune cose non rientrano nel nostro supporto standard, devono comunque essere effettuate. Possiamo aiutarvi anche con quello. \u00c8 possibile ottenere un lavoro eccellente dai <a href=\"https:\/\/wpml.org\/contractors\/\">contraenti di WPML<\/a>. <\/p>\n\n<p>I contraenti sono ottimi e comprovati sviluppatori che parlano diverse lingue (tutti parlano anche inglese) e con cui \u00e8 un piacere lavorare.<\/p>\n\n<hr class=\"wp-block-separator has-css-opacity\"\/>\n\n<p><strong> Selezionate l&#8217;opzione per utilizzare l&#8217;editor di traduzione Visita il nostro <a href=\"\/?post_type=forum&amp;p=9662\">forum di assistenza tecnica<\/a>.<\/strong><\/p>\n\n<p><strong>Non siete ancora clienti? Fate una <a href=\"https:\/\/wpml.org\/it\/purchase\/domande-prevendita\/\">domanda di prevendita<\/a>.<\/strong><\/p>\n","protected":false},"excerpt":{"rendered":"<p>Il vostro account di WPML vi garantisce l&#8217;accesso all&#8217;assitenza della migliore qualit\u00e0. I nostri operatori dell&#8217;assistenza sono qui per aiutarvi a sfruttare al massimo WPML, rispondendo alle domande, risolvendo i problemi e indirizzandovi nella direzione giusta. Forniamo tutta l&#8217;assitenza tecnica ai clienti con un account valido attraverso il nostro forum. Siamo qui per aiutarvi Quando [&hellip;]<\/p>\n","protected":false},"author":2,"featured_media":0,"parent":140283,"menu_order":0,"comment_status":"closed","ping_status":"closed","template":"","meta":{"ep_exclude_from_search":false,"footnotes":""},"related-projects-category":[],"_links":{"self":[{"href":"https:\/\/wpml.org\/it\/wp-json\/wp\/v2\/pages\/137788"}],"collection":[{"href":"https:\/\/wpml.org\/it\/wp-json\/wp\/v2\/pages"}],"about":[{"href":"https:\/\/wpml.org\/it\/wp-json\/wp\/v2\/types\/page"}],"author":[{"embeddable":true,"href":"https:\/\/wpml.org\/it\/wp-json\/wp\/v2\/users\/2"}],"replies":[{"embeddable":true,"href":"https:\/\/wpml.org\/it\/wp-json\/wp\/v2\/comments?post=137788"}],"version-history":[{"count":9,"href":"https:\/\/wpml.org\/it\/wp-json\/wp\/v2\/pages\/137788\/revisions"}],"predecessor-version":[{"id":12120633,"href":"https:\/\/wpml.org\/it\/wp-json\/wp\/v2\/pages\/137788\/revisions\/12120633"}],"up":[{"embeddable":true,"href":"https:\/\/wpml.org\/it\/wp-json\/wp\/v2\/pages\/140283"}],"wp:attachment":[{"href":"https:\/\/wpml.org\/it\/wp-json\/wp\/v2\/media?parent=137788"}],"wp:term":[{"taxonomy":"related-projects-category","embeddable":true,"href":"https:\/\/wpml.org\/it\/wp-json\/wp\/v2\/related-projects-category?post=137788"}],"curies":[{"name":"wp","href":"https:\/\/api.w.org\/{rel}","templated":true}]}}