{"id":138478,"date":"2013-06-24T13:27:56","date_gmt":"2013-06-24T13:27:56","guid":{"rendered":"http:\/\/wpml.org\/pagina-iniziale\/risorse-per-blogger\/"},"modified":"2023-04-18T07:54:27","modified_gmt":"2023-04-18T07:54:27","slug":"risorse-per-blogger","status":"publish","type":"page","link":"https:\/\/wpml.org\/it\/pagina-iniziale\/risorse-per-blogger\/","title":{"rendered":"Risorse per blogger e affiliati"},"content":{"rendered":"\n<p class=\"lead\">Aiutateci a diffondere il verbo su WPML, il plug-in pi\u00f9 gettonato per la traduzione di siti di WordPress. Questa pagina offre tutto il necessario per condividere efficacemente WPML con i lettori.<\/p>\n\n<p>Apprezziamo il vostro interesse a scrivere sul nostro conto! Per essere certi di avere tutte le informazioni necessarie e di rispettare le linee guida del brand di WPML, consultate i materiali sottostanti.<\/p>\n\n<h2 class=\"wp-block-heading\">Su questa pagina<\/h2>\n\n<ul><li><a href=\"#why-use-wpml\">Perch\u00e9 utilizzare WPML?<\/a><\/li><li><a href=\"#join-our-affiliate-program\">Unitevi al nostro programma di affiliazione<\/a><\/li><li><a href=\"#materials-for-writing-about-wpml\">Materiali per scrivere su WPML<\/a><\/li><li><a href=\"#branding-guidelines\">Linee guida del brand<\/a><\/li><li><a href=\"#connect-with-us\">Connettetevi con noi<\/a><\/li><\/ul>\n\n<h2 class=\"wp-block-heading\" id=\"why-use-wpml\">Perch\u00e9 utilizzare WPML?<\/h2>\n\n<ul><li>Gestione delle traduzioni <strong>efficiente, precisa e senza seccature<\/strong> per WordPress<\/li><\/ul>\n\n<ul><li><strong>Attualmente installato su oltre 1 milione di siti attivi<\/strong> in tutto il mondo<\/li><\/ul>\n\n<ul><li><strong>Un leader di mercato fidato<\/strong> nelle traduzioni per siti di WordPress con <strong>oltre 15 anni di esperienza<\/strong><\/li><\/ul>\n\n<ul><li>Abbiamo <strong>team dedicati per la compatibilit\u00e0 e il supporto<\/strong> che lavorano 24 ore su 24 per garantire la soddisfazione di clienti e partner.<\/li><\/ul>\n\n<ul><li><strong>Altamente consigliato<\/strong> da alcuni rinomati blogger, esperti e sviluppatori di WordPress.<\/li><\/ul>\n\n<ul><li>Il plug-in per la traduzione di WordPress pi\u00f9 ricco di funzioni e dal maggior <strong>prezzo competitivo<\/strong> del mercato.<\/li><\/ul>\n\n<ul><li>Connettetevi direttamente ai <strong>servizi di traduzione professionale<\/strong>, configurate i <strong>traduttori locali<\/strong> o traducete i contenuti <strong>da soli<\/strong>.<\/li><\/ul>\n\n<ul><li>Traducete istantaneamente i vostri contenuti con <strong>Automatic Translation<\/strong> che si avvale della tecnologia di Google, Microsoft o DeepL.<\/li><\/ul>\n\n<h2 class=\"wp-block-heading\" id=\"join-our-affiliate-program\">Unitevi al nostro programma di affiliazione<\/h2>\n\n<p>Considerando che state gi\u00e0 pensando di scrivere sul nostro conto, perch\u00e9 non guadagnare una commissione per ogni vendita WPML che contribuirete a concludere? I nostri migliori affiliati guadagnano una media di 1.000 dollari al mese promuovendo WPML.<\/p>\n\n<p>Il programma di affiliazione di WPML \u00e8 aperto a tutti i clienti di WPML. Iniziare in qualit\u00e0 di affiliato \u00e8 estremamente semplice:<\/p>\n\n<ol><li>Accedete al vostro account di WPML e visitate la pagina Affiliato: l\u00ec troverete il vostro link di affiliazione univoco.<\/li><li>Aggiungete questo link ovunque sponsorizzate WPML.<\/li><li>Se qualcuno acquista WPML o un pacchetto di crediti per la traduzione automatica con il vostro link di affiliazione, guadagnerete una commissione che pu\u00f2 arrivare al 40% di ciascuna vendita!<\/li><\/ol>\n\n<div class=\"tb-button\" data-toolset-blocks-button=\"dd3528910822bfe6fef8ffa164357e28\"><a class=\"tb-button__link\" href=\"https:\/\/wpml.org\/account\/affiliate\/\"><span class=\"tb-button__content\">Ottenete il vostro link di affiliazione<\/span><i class=\"tb-button__icon\"><\/i><\/a><\/div>\n\n<p>Solitamente il nostro programma di affiliazione \u00e8 riservato ai clienti che hanno un abbonamento di WPML attivo, ma se avete un blog o una piattaforma seguita, un piano ben definito e una strategia per promuovere WOML, saremmo lieti di prendervi in considerazione per il programma. Vi assisteremo nell&#8217;apprendimento del plug-in e vi forniremo alcune linee guida utili per aiutarvi a creare il vostro materiale. Se vi rivedete in questa descrizione e volete diventare nostri partner, <a href=\"mailto:partnerships@onthegosystems.com\">contattateci qui<\/a>.<\/p>\n\n<h2 class=\"wp-block-heading\" id=\"materials-for-writing-about-wpml\">Materiali per scrivere su WPML<\/h2>\n\n<p>Per aiutarvi a iniziare, abbiamo preparato una pagina con dei <a href=\"https:\/\/wpml.org\/it\/pagina-iniziale\/risorse-per-blogger\/materiali-per-scrivere-su-wpml\/\">materiali per scrivere su WPML<\/a>. Vi fornisce una panoramica pi\u00f9 approfondita delle funzioni principali di WPML:<\/p>\n\n<ul><li>Translation Management<\/li><li>Automatic Translation<\/li><li>String Translation<\/li><li>WooCommerce Multilingual<\/li><\/ul>\n\n<p>Inoltre, su questa pagina potrete anche scaricare gli screenshot pronti all&#8217;uso per i vostri contenuti.<\/p>\n\n<div class=\"tb-button\" data-toolset-blocks-button=\"0e23903e59c44d4962c0b580dd1be302\"><a class=\"tb-button__link\" href=\"https:\/\/wpml.org\/home\/blogger-resources\/materials-for-writing-about-wpml\/\"><span class=\"tb-button__content\">Materiali per la scrittura<\/span><i class=\"tb-button__icon\"><\/i><\/a><\/div>\n\n<h2 class=\"wp-block-heading\" id=\"branding-guidelines\">Loghi di WPML e linee guida del brand<\/h2>\n\n<p>Quando scrivete sul nostro conto saremmo lieti se usaste i nostri loghi ufficiali di WPML. Date un&#8217;occhiata ai nostri <a href=\"https:\/\/wpml.org\/it\/pagina-iniziale\/risorse-per-blogger\/linee-guida-del-brand\/\">loghi scaricabili e assicuratevi di seguire le nostre linee guida del brand<\/a> quando li utilizzate sul vostri materiali.<\/p>\n\n<div class=\"tb-button\" data-toolset-blocks-button=\"854a1489f9836e27bcab03324c3bb247\"><a class=\"tb-button__link\" href=\"https:\/\/wpml.org\/home\/blogger-resources\/branding-guidelines\/\"><span class=\"tb-button__content\">Loghi e linee guida del brand<\/span><i class=\"tb-button__icon\"><\/i><\/a><\/div>\n\n<h2 class=\"wp-block-heading\" id=\"connect-with-us\">Connettetevi con noi<\/h2>\n\n<p>Se scrivete un pezzo interessante su WPML, non dimenticate di taggarci sui social media:<\/p>\n\n<ul><li>Facebook: <a href=\"https:\/\/www.facebook.com\/WPMLcms\/\">@WPMLcms<\/a><\/li><li>Twitter: <a href=\"http:\/\/twitter.com\/wpml\">@wpml<\/a><\/li><\/ul>\n\n<p>Inoltre siamo lieti di aggiungervi alla nostra pagina <a href=\"https:\/\/wpml.org\/mention\/\">WPML in giro per il web<\/a>. In questo modo il vostro sito disporr\u00e0 di un prezioso backlink e potrete migliorare la SEO del vostro articolo.<\/p>\n\n<p><a href=\"mailto:partnerships@onthegosystems.com\">Inviateci un&#8217;e-mail<\/a> per condividere il vostro articolo, video o altro contenuto o fateci sapere se avete dubbi o domande!<\/p>\n\n<div class=\"tb-button\" data-toolset-blocks-button=\"72a7caef2b0a3392548c503d0cee9ce9\"><a class=\"tb-button__link\" href=\"mailto:partnerships@onthegosystems.com\"><span class=\"tb-button__content\">Contattateci<\/span><i class=\"tb-button__icon\"><\/i><\/a><\/div>\n","protected":false},"excerpt":{"rendered":"<p>Aiutateci a diffondere il verbo su WPML, il plug-in pi\u00f9 gettonato per la traduzione di siti di WordPress. Questa pagina offre tutto il necessario per condividere efficacemente WPML con i lettori. Apprezziamo il vostro interesse a scrivere sul nostro conto! Per essere certi di avere tutte le informazioni necessarie e di rispettare le linee guida [&hellip;]<\/p>\n","protected":false},"author":2,"featured_media":0,"parent":138151,"menu_order":28,"comment_status":"closed","ping_status":"closed","template":"nosidebar-template.php","meta":{"ep_exclude_from_search":false,"footnotes":""},"related-projects-category":[],"_links":{"self":[{"href":"https:\/\/wpml.org\/it\/wp-json\/wp\/v2\/pages\/138478"}],"collection":[{"href":"https:\/\/wpml.org\/it\/wp-json\/wp\/v2\/pages"}],"about":[{"href":"https:\/\/wpml.org\/it\/wp-json\/wp\/v2\/types\/page"}],"author":[{"embeddable":true,"href":"https:\/\/wpml.org\/it\/wp-json\/wp\/v2\/users\/2"}],"replies":[{"embeddable":true,"href":"https:\/\/wpml.org\/it\/wp-json\/wp\/v2\/comments?post=138478"}],"version-history":[{"count":4,"href":"https:\/\/wpml.org\/it\/wp-json\/wp\/v2\/pages\/138478\/revisions"}],"predecessor-version":[{"id":13493463,"href":"https:\/\/wpml.org\/it\/wp-json\/wp\/v2\/pages\/138478\/revisions\/13493463"}],"up":[{"embeddable":true,"href":"https:\/\/wpml.org\/it\/wp-json\/wp\/v2\/pages\/138151"}],"wp:attachment":[{"href":"https:\/\/wpml.org\/it\/wp-json\/wp\/v2\/media?parent=138478"}],"wp:term":[{"taxonomy":"related-projects-category","embeddable":true,"href":"https:\/\/wpml.org\/it\/wp-json\/wp\/v2\/related-projects-category?post=138478"}],"curies":[{"name":"wp","href":"https:\/\/api.w.org\/{rel}","templated":true}]}}