{"id":4853349,"date":"2019-10-30T08:26:40","date_gmt":"2019-10-30T08:26:40","guid":{"rendered":"https:\/\/wpml.org\/documentazione\/traduzione-automatica-per-contenuti-di-wordpress-con-wpml\/"},"modified":"2023-12-01T16:05:36","modified_gmt":"2023-12-01T16:05:36","slug":"traduzione-automatica-per-contenuti-di-wordpress-con-wpml","status":"publish","type":"page","link":"https:\/\/wpml.org\/it\/documentazione\/traduzione-automatica-per-contenuti-di-wordpress-con-wpml\/","title":{"rendered":"Traduzione automatica per i contenuti di WordPress con WPML."},"content":{"rendered":"\n<div class=\"wp-block-toolset-blocks-container tb-container alignfull\" data-toolset-blocks-container=\"ff065e233867be41b9685cc5ae84f1ea\"><div class=\"tb-container-inner\">\n<div class=\"wp-block-toolset-blocks-grid tb-grid\" data-toolset-blocks-grid=\"693765a99dd8d237656a4b713de7aa23\">\n<div class=\"wp-block-toolset-blocks-grid-column tb-grid-column tb-grid-align-center\" data-toolset-blocks-grid-column=\"f586ff7bfe1d7317c63162ec7b7039ed\">\n<h1 class=\"tb-heading has-text-color\" data-toolset-blocks-heading=\"415760732ef66df37e1713d118e7d93d\" data-last-update=\"1.4\">Traduzione automatica per i contenuti di WordPress con WPML.<\/h1>\n\n\n\n<div class=\"tb-fields-and-text\" data-toolset-blocks-fields-and-text=\"176746d62f06ad37fadc602f23c8f123\"><p>La traduzione automatica di WPML le permette di tradurre tutto in WordPress in modo rapido. Risparmia il 90% del tempo di traduzione e traduce il suo sito all&#8217;istante.<\/p><\/div>\n\n\n\n<div class=\"tb-button\" data-toolset-blocks-button=\"148509ee23d7275d4fa2e7308488a75f\"><a class=\"tb-button__link\" href=\"https:\/\/wpml.org\/documentation\/automatic-translation\/automatic-translation-pricing\/\"><span class=\"tb-button__content\">Prezzi della traduzione automatica<\/span><i class=\"tb-button__icon\"><\/i><\/a><\/div>\n<\/div>\n\n\n\n<div class=\"wp-block-toolset-blocks-grid-column tb-grid-column tb-grid-align-center main-img-box\" data-toolset-blocks-grid-column=\"026d15f91d20448fab5fc2538214c790\">\n<div class=\"tb-video is-resized\"><video autoplay=\"\" playsinline=\"\" muted=\"\" data-src=\"https:\/\/wpml.org\/wp-content\/uploads\/2023\/08\/AT-mv.mp4\" data-toolset-blocks-video=\"2291b5a338af6c867f3a4143257296c2\"><\/video><\/div>\n\n\n\n<div class=\"tb-button view-demo_btn demo-center aligncenter\" data-toolset-blocks-button=\"00e410c500f381b5ede574eb7f0046ad\"><a class=\"tb-button__link\" href=\"https:\/\/youtu.be\/k5Qhmhp31jk\"><i class=\"tb-button__icon\"><\/i><span class=\"tb-button__content\">Guardi come funziona<\/span><\/a><\/div>\n<\/div>\n<\/div>\n<\/div><\/div>\n\n<div class=\"wp-block-toolset-blocks-container tb-container\" data-toolset-blocks-container=\"a03f28b68e7ebf56bfe1641740b90da2\"><div class=\"tb-container-inner\">\n<div class=\"wp-block-toolset-blocks-grid tb-grid\" data-toolset-blocks-grid=\"991149e67afebae2a87e3a9e3cc9dd5e\">\n<div class=\"wp-block-toolset-blocks-grid-column tb-grid-column tb-grid-align-top product-page-content\" data-toolset-blocks-grid-column=\"3ca40a3bbaa937ab1f07ea8568a8fddf\">\n<p>WPML rende facile e conveniente tradurre il suo sito e mantenere le traduzioni aggiornate grazie alla traduzione automatica.<\/p>\n\n\n\n<p>Ci sono due modi per utilizzare la traduzione automatica sul suo sito:<\/p>\n\n\n\n<ul>\n<li>Traduce automaticamente l&#8217;intero sito.<\/li>\n\n\n\n<li>Traduce automaticamente singole pagine, post e altri contenuti.<\/li>\n<\/ul>\n\n\n\n<p>Per tradurre automaticamente i contenuti, si assicuri di aver attivato l&#8217;Advanced Translation Editor in <strong>WPML<\/strong> \u2192 <strong>Impostazioni<\/strong>. Deve anche assegnare crediti di traduzione automatica al suo sito o iscriversi al programma Pay-As-You-Go.<\/p>\n\n\n\n<h2 class=\"wp-block-heading\">Scelta di un motore di traduzione<\/h2>\n\n\n\n<p>Prima di scegliere un motore di traduzione automatica, le suggeriamo di dare un&#8217;occhiata all&#8217;elenco delle <a href=\"https:\/\/ate.wpml.org\/mt_langs\">lingue supportate per la traduzione automatica con WPML<\/a>.<\/p>\n\n\n\n<p>Pu\u00f2 scegliere tra i seguenti motori di traduzione per alimentare la sua traduzione automatica:<\/p>\n\n\n\n<ul>\n<li><a href=\"https:\/\/wpml.org\/documentation\/automatic-translation\/translate-your-wordpress-site-with-deepl\/\">DeepL Translate<\/a> (default)<\/li>\n\n\n\n<li><a href=\"https:\/\/wpml.org\/documentation\/automatic-translation\/translate-your-wordpress-site-using-google-translate\/\">Google Translate<\/a><\/li>\n\n\n\n<li><a href=\"https:\/\/wpml.org\/documentation\/automatic-translation\/translate-wordpress-sites-using-microsoft-azure-translator\/\">Microsoft Azure Translator<\/a><\/li>\n<\/ul>\n\n\n\n<p>Per saperne di pi\u00f9 su <a href=\"https:\/\/wpml.org\/documentation\/automatic-translation\/how-to-change-automatic-translation-engines\/\">come modificare o disattivare i motori di traduzione automatica.<\/a><\/p>\n\n\n\n<h2 class=\"wp-block-heading\">Tradurre l&#8217;intero sito in modo automatico.<br\/><\/h2>\n\n\n\n<p>WPML le consente di tradurre interi siti utilizzando una combinazione di traduzione automatica e revisione umana. Pu\u00f2 utilizzare questa impostazione per tradurre i seguenti tipi di contenuti:<\/p>\n\n\n\n<ul>\n<li>Post<\/li>\n\n\n\n<li>Pagine<\/li>\n\n\n\n<li>Termini della tassonomia assegnati a qualsiasi post o pagina.<\/li>\n\n\n\n<li>Prodotti WooCommerce<\/li>\n\n\n\n<li>Alcuni contenuti dei plugin pi\u00f9 popolari<\/li>\n<\/ul>\n\n\n\n<p>Il suo sito potrebbe anche presentare tipi di post personalizzati e campi personalizzati. Di default, questi non saranno tradotti automaticamente. Tuttavia, pu\u00f2 facilmente attivare la traduzione automatica per qualsiasi tipo di post, campo personalizzato o tassonomia nella pagina Impostazioni di WPML.<\/p>\n\n\n\n<p>Per tradurre automaticamente l&#8217;intero sito, scelga <strong>Traduci tutto automaticamente<\/strong> nell&#8217;installazione guidata di WPML o in <strong>WPML<\/strong> \u2192 <strong>Impostazioni<\/strong>.<\/p>\n\n\n\n<figure class=\"wp-block-image tb-image tb-image-dynamic tb-image-frame-none\" data-toolset-blocks-image=\"ce905221f6ba709f9449c5e82258b8cb\"><a href=\"https:\/\/wpml.org\/wp-content\/uploads\/2023\/09\/wpml-translation-mode-options-2.png\"><img decoding=\"async\" width=\"2332\" height=\"2346\" loading=\"lazy\" src=\"https:\/\/wpml.org\/wp-content\/uploads\/2023\/09\/wpml-translation-mode-options-2.png\" alt=\"\" class=\"wp-image-14439741\" srcset=\"https:\/\/wpml.org\/wp-content\/uploads\/2023\/09\/wpml-translation-mode-options-2.png 2332w, https:\/\/wpml.org\/wp-content\/uploads\/2023\/09\/wpml-translation-mode-options-2-298x300.png 298w, https:\/\/wpml.org\/wp-content\/uploads\/2023\/09\/wpml-translation-mode-options-2-1018x1024.png 1018w, https:\/\/wpml.org\/wp-content\/uploads\/2023\/09\/wpml-translation-mode-options-2-150x150.png 150w, https:\/\/wpml.org\/wp-content\/uploads\/2023\/09\/wpml-translation-mode-options-2-768x773.png 768w, https:\/\/wpml.org\/wp-content\/uploads\/2023\/09\/wpml-translation-mode-options-2-1527x1536.png 1527w, https:\/\/wpml.org\/wp-content\/uploads\/2023\/09\/wpml-translation-mode-options-2-2036x2048.png 2036w, https:\/\/wpml.org\/wp-content\/uploads\/2023\/09\/wpml-translation-mode-options-2-300x302.png 300w, https:\/\/wpml.org\/wp-content\/uploads\/2023\/09\/wpml-translation-mode-options-2-100x100.png 100w\" sizes=\"(max-width: 2332px) 100vw, 2332px\" \/><\/a><figcaption><div class=\"tb-image-caption\">Abilita la modalit\u00e0 Traduci tutto automaticamente.<\/div><\/figcaption><\/figure>\n\n\n\n<p>Con <strong>Traduci tutto automaticamente<\/strong>, non deve inviare nessuno dei suoi post e delle sue pagine alla traduzione. Invece, WPML li tradurr\u00e0 in background ogni volta che pubblicher\u00e0 nuovi contenuti o modificher\u00e0 quelli esistenti. Ci\u00f2 significa che il suo sito avr\u00e0 sempre traduzioni aggiornate.<\/p>\n\n\n\n<p><span style=\"font-weight: 400;\">Pu\u00f2 mettere temporaneamente in pausa la traduzione automatica in qualsiasi momento dalla bacheca Gestione Traduzioni. Questo pu\u00f2 essere utile se vuole ancora tradurre l&#8217;intero sito, ma prima deve finalizzare il contenuto del sito. Quando lo mette in pausa, WPML le chieder\u00e0 se desidera tradurre i contenuti che ha aggiunto o modificato nel frattempo.<\/span><\/p>\n\n\n\n<figure class=\"wp-block-image tb-image tb-image-dynamic tb-image-frame-none\" data-toolset-blocks-image=\"41f42c96384540f039bc75698a4b0104\"><a href=\"https:\/\/wpml.org\/wp-content\/uploads\/2023\/09\/wpml-automatic-translation-status-3.png\"><img decoding=\"async\" width=\"2166\" height=\"1018\" loading=\"lazy\" src=\"https:\/\/wpml.org\/wp-content\/uploads\/2023\/09\/wpml-automatic-translation-status-3.png\" alt=\"\" class=\"wp-image-14439769\" srcset=\"https:\/\/wpml.org\/wp-content\/uploads\/2023\/09\/wpml-automatic-translation-status-3.png 2166w, https:\/\/wpml.org\/wp-content\/uploads\/2023\/09\/wpml-automatic-translation-status-3-300x141.png 300w, https:\/\/wpml.org\/wp-content\/uploads\/2023\/09\/wpml-automatic-translation-status-3-1024x481.png 1024w, https:\/\/wpml.org\/wp-content\/uploads\/2023\/09\/wpml-automatic-translation-status-3-150x70.png 150w, https:\/\/wpml.org\/wp-content\/uploads\/2023\/09\/wpml-automatic-translation-status-3-768x361.png 768w, https:\/\/wpml.org\/wp-content\/uploads\/2023\/09\/wpml-automatic-translation-status-3-1536x722.png 1536w, https:\/\/wpml.org\/wp-content\/uploads\/2023\/09\/wpml-automatic-translation-status-3-2048x963.png 2048w\" sizes=\"(max-width: 2166px) 100vw, 2166px\" \/><\/a><figcaption><div class=\"tb-image-caption\">Visualizzazione dello stato delle traduzioni automatiche<\/div><\/figcaption><\/figure>\n\n\n\n<p>Tenga presente che questa funzionalit\u00e0 <strong>non<\/strong> traduce automaticamente quanto segue:<\/p>\n\n\n\n<ul>\n<li>Bozze inedite<\/li>\n\n\n\n<li>Contenuti creati in una lingua secondaria<\/li>\n\n\n\n<li>Pagine o post che sono stati precedentemente tradotti con un metodo diverso. Questo per evitare di sovrascrivere le traduzioni esistenti. Invece, continui a <a href=\"https:\/\/wpml.org\/faq\/why-arent-my-translations-showing\/\">utilizzare lo stesso metodo di traduzione che ha usato originariamente<\/a> per tradurre quelle pagine e quei post.<\/li>\n<\/ul>\n\n\n\n<h2 class=\"wp-block-heading\">Traduci automaticamente le singole pagine, i post e altri contenuti.<\/h2>\n\n\n\n<p>Se non ha bisogno di tradurre l&#8217;intero sito, pu\u00f2 comunque utilizzare la traduzione automatica per i contenuti che desidera tradurre. La traduzione automatica \u00e8 ottima per generare traduzioni rapide, prime bozze, testi brevi, descrizioni di prodotti di e-commerce e altro ancora.<\/p>\n\n\n\n<p>Per tradurre singole pagine, post o altri contenuti, selezioni <strong>Traduci ci\u00f2 che scegli<\/strong> nell&#8217;installazione guidata o in <strong>WPML<\/strong> \u2192 <strong>Impostazioni<\/strong>.<\/p>\n\n\n\n<p>Poi, imposti tutti gli altri traduttori che desidera sul sito.<\/p>\n\n\n\n<figure class=\"wp-block-image tb-image tb-image-dynamic tb-image-frame-none\" data-toolset-blocks-image=\"d569cf68a79e24f1333f24b24cd11655\"><a href=\"https:\/\/wpml.org\/wp-content\/uploads\/2023\/09\/wpml-who-will-translate-1.png\"><img decoding=\"async\" width=\"1252\" height=\"802\" loading=\"lazy\" src=\"https:\/\/wpml.org\/wp-content\/uploads\/2023\/09\/wpml-who-will-translate-1.png\" alt=\"\" class=\"wp-image-14439799\" srcset=\"https:\/\/wpml.org\/wp-content\/uploads\/2023\/09\/wpml-who-will-translate-1.png 1252w, https:\/\/wpml.org\/wp-content\/uploads\/2023\/09\/wpml-who-will-translate-1-300x192.png 300w, https:\/\/wpml.org\/wp-content\/uploads\/2023\/09\/wpml-who-will-translate-1-1024x656.png 1024w, https:\/\/wpml.org\/wp-content\/uploads\/2023\/09\/wpml-who-will-translate-1-150x96.png 150w, https:\/\/wpml.org\/wp-content\/uploads\/2023\/09\/wpml-who-will-translate-1-768x492.png 768w\" sizes=\"(max-width: 1252px) 100vw, 1252px\" \/><\/a><figcaption><div class=\"tb-image-caption\">Scegliere chi tradurr\u00e0 il sito<\/div><\/figcaption><\/figure>\n\n\n\n<p>Una volta completata la configurazione, pu\u00f2 inviare i contenuti da tradurre automaticamente utilizzando la bacheca Gestione Traduzioni.<\/p>\n\n\n\n<figure class=\"wp-block-image tb-image tb-image-dynamic tb-image-frame-none\" data-toolset-blocks-image=\"b5233eadf415ed7d4e9f8f589a6cfb23\"><a href=\"https:\/\/wpml.org\/wp-content\/uploads\/2023\/09\/wpml-translate-automatically-from-tm-dashboard-1.png\"><img decoding=\"async\" width=\"1992\" height=\"2680\" loading=\"lazy\" src=\"https:\/\/wpml.org\/wp-content\/uploads\/2023\/09\/wpml-translate-automatically-from-tm-dashboard-1.png\" alt=\"\" class=\"wp-image-14439827\" srcset=\"https:\/\/wpml.org\/wp-content\/uploads\/2023\/09\/wpml-translate-automatically-from-tm-dashboard-1.png 1992w, https:\/\/wpml.org\/wp-content\/uploads\/2023\/09\/wpml-translate-automatically-from-tm-dashboard-1-223x300.png 223w, https:\/\/wpml.org\/wp-content\/uploads\/2023\/09\/wpml-translate-automatically-from-tm-dashboard-1-761x1024.png 761w, https:\/\/wpml.org\/wp-content\/uploads\/2023\/09\/wpml-translate-automatically-from-tm-dashboard-1-111x150.png 111w, https:\/\/wpml.org\/wp-content\/uploads\/2023\/09\/wpml-translate-automatically-from-tm-dashboard-1-768x1033.png 768w, https:\/\/wpml.org\/wp-content\/uploads\/2023\/09\/wpml-translate-automatically-from-tm-dashboard-1-1142x1536.png 1142w, https:\/\/wpml.org\/wp-content\/uploads\/2023\/09\/wpml-translate-automatically-from-tm-dashboard-1-1522x2048.png 1522w, https:\/\/wpml.org\/wp-content\/uploads\/2023\/09\/wpml-translate-automatically-from-tm-dashboard-1-300x404.png 300w\" sizes=\"(max-width: 1992px) 100vw, 1992px\" \/><\/a><figcaption><div class=\"tb-image-caption\">Tradurre i contenuti automaticamente dalla bacheca Gestione Traduzioni.<\/div><\/figcaption><\/figure>\n\n\n\n<p>Pu\u00f2 anche utilizzare la traduzione automatica pagina per pagina o frase per frase. Per default, quando lei o uno dei traduttori del suo sito apre un lavoro di traduzione nell&#8217;Editor di traduzione avanzato. <strong><a href=\"https:\/\/wpml.org\/it\/documentazione\/traduzione-dei-vostri-contenuti\/editor-di-traduzione-avanzato\/\">Editor di traduzione avanzato, <\/a><\/strong>vedr\u00e0 l&#8217;intero contenuto della pagina tradotto automaticamente per lei. Pu\u00f2 quindi rivedere e modificare le traduzioni.<\/p>\n\n\n\n<figure class=\"wp-block-image tb-image tb-image-dynamic tb-image-frame-none\" data-toolset-blocks-image=\"ca00644ba8ec7e4b869b2416f6ed6bce\"><a href=\"https:\/\/wpml.org\/wp-content\/uploads\/2023\/09\/wpml-advanced-translation-editor-default-automatic-translations-1.png\"><img decoding=\"async\" width=\"1024\" height=\"501\" loading=\"lazy\" src=\"https:\/\/wpml.org\/wp-content\/uploads\/2023\/09\/wpml-advanced-translation-editor-default-automatic-translations-1-1024x501.png\" alt=\"\" class=\"wp-image-14424887\" srcset=\"https:\/\/wpml.org\/wp-content\/uploads\/2023\/09\/wpml-advanced-translation-editor-default-automatic-translations-1-1024x501.png 1024w, https:\/\/wpml.org\/wp-content\/uploads\/2023\/09\/wpml-advanced-translation-editor-default-automatic-translations-1-300x147.png 300w, https:\/\/wpml.org\/wp-content\/uploads\/2023\/09\/wpml-advanced-translation-editor-default-automatic-translations-1-150x73.png 150w, https:\/\/wpml.org\/wp-content\/uploads\/2023\/09\/wpml-advanced-translation-editor-default-automatic-translations-1-768x376.png 768w, https:\/\/wpml.org\/wp-content\/uploads\/2023\/09\/wpml-advanced-translation-editor-default-automatic-translations-1-1536x752.png 1536w, https:\/\/wpml.org\/wp-content\/uploads\/2023\/09\/wpml-advanced-translation-editor-default-automatic-translations-1-2048x1002.png 2048w\" sizes=\"(max-width: 1024px) 100vw, 1024px\" \/><\/a><figcaption><div class=\"tb-image-caption\">Contenuti tradotti automaticamente nell&#8217;Editor di traduzione avanzato.<\/div><\/figcaption><\/figure>\n\n\n\n<p>Se desidera tradurre solo singole frasi automaticamente, clicchi sul pulsante <strong>Annulla traduzione<\/strong> per rimuovere le traduzioni automatiche precompilate. Quindi, clicchi sull&#8217;icona del <strong>fulmine <\/strong>accanto al testo specifico che desidera tradurre automaticamente. In questo modo, le traduzioni di quel testo verranno immediatamente inserite.<\/p>\n\n\n\n<figure class=\"wp-block-image tb-image tb-image-dynamic tb-image-frame-none\" data-toolset-blocks-image=\"eefc1daa5d9e216d483e97ad664d67e7\"><a href=\"https:\/\/wpml.org\/wp-content\/uploads\/2023\/09\/wpml-advanced-translation-editor-clicking-lightning-bolt-icon.png\"><img decoding=\"async\" width=\"2112\" height=\"1086\" loading=\"lazy\" src=\"https:\/\/wpml.org\/wp-content\/uploads\/2023\/09\/wpml-advanced-translation-editor-clicking-lightning-bolt-icon.png\" alt=\"\" class=\"wp-image-14422181\" srcset=\"https:\/\/wpml.org\/wp-content\/uploads\/2023\/09\/wpml-advanced-translation-editor-clicking-lightning-bolt-icon.png 2112w, https:\/\/wpml.org\/wp-content\/uploads\/2023\/09\/wpml-advanced-translation-editor-clicking-lightning-bolt-icon-300x154.png 300w, https:\/\/wpml.org\/wp-content\/uploads\/2023\/09\/wpml-advanced-translation-editor-clicking-lightning-bolt-icon-1024x527.png 1024w, https:\/\/wpml.org\/wp-content\/uploads\/2023\/09\/wpml-advanced-translation-editor-clicking-lightning-bolt-icon-150x77.png 150w, https:\/\/wpml.org\/wp-content\/uploads\/2023\/09\/wpml-advanced-translation-editor-clicking-lightning-bolt-icon-768x395.png 768w, https:\/\/wpml.org\/wp-content\/uploads\/2023\/09\/wpml-advanced-translation-editor-clicking-lightning-bolt-icon-1536x790.png 1536w, https:\/\/wpml.org\/wp-content\/uploads\/2023\/09\/wpml-advanced-translation-editor-clicking-lightning-bolt-icon-2048x1053.png 2048w\" sizes=\"(max-width: 2112px) 100vw, 2112px\" \/><\/a><figcaption><div class=\"tb-image-caption\">Cliccando sull&#8217;icona del fulmine, la traduzione automatica di singole frasi \u00e8 automatica.<\/div><\/figcaption><\/figure>\n\n\n\n<h2 class=\"wp-block-heading\">Revisione delle traduzioni automatiche<\/h2>\n\n\n\n<p><span style=\"font-weight: 400;\">La traduzione automatica ha fatto molta strada in termini di qualit\u00e0 negli ultimi anni. Tuttavia, potrebbe comunque voler far rivedere a un umano le traduzioni automatiche. <\/span><\/p>\n\n\n\n<p><span style=\"font-weight: 400;\">WPML dispone di una <\/span><a href=\"https:\/\/wpml.org\/translation-reviewer\">\n  <span style=\"font-weight: 400;\">directory di recensori qualificati<\/span>\n<\/a><span style=\"font-weight: 400;\">  che pu\u00f2 aiutare. Oppure pu\u00f2 assegnare le recensioni a qualsiasi utente del suo sito, compreso lei stesso.<\/span><\/p>\n\n\n\n<p>Pu\u00f2 scegliere di:<\/p>\n\n\n\n<ul>\n<li>Riveda le traduzioni prima di pubblicarle (consigliato).<\/li>\n\n\n\n<li>Pubblichi le traduzioni e le riveda in un secondo momento (ottimo per quando pubblica molti contenuti e non pu\u00f2 rivederli in tempo reale).<\/li>\n\n\n\n<li>Pubblichi le traduzioni senza revisionarle (le sue traduzioni potrebbero avere delle imprecisioni).<\/li>\n<\/ul>\n\n\n\n<p><span style=\"font-weight: 400;\">Per saperne di pi\u00f9 <\/span><a href=\"https:\/\/wpml.org\/documentation\/automatic-translation\/how-to-review-automatic-translations-on-your-site\/\">\n  <span style=\"font-weight: 400;\">come revisionare le traduzioni automatiche sul suo sito<\/span>\n<\/a><span style=\"font-weight: 400;\">.<\/span><\/p>\n\n\n\n<h2 class=\"wp-block-heading\">Provi la traduzione automatica gratuitamente.<\/h2>\n\n\n\n<p>La maggior parte dei siti pu\u00f2 utilizzare la traduzione automatica gratuitamente!<\/p>\n\n\n\n<p>Gli account Multilingual CMS e Agency sono dotati di crediti di traduzione automatica gratuiti inclusi nel suo account WPML.org. I crediti per questi (nuovi) account si ricaricano ogni volta che rinnova il suo account e possono essere <a href=\"https:\/\/wpml.org\/it\/documentazione\/traduzione-automatica-per-contenuti-di-wordpress-con-wpml\/come-assegnare-crediti-di-traduzione-automatica-ai-vostri-siti\/\">assegnati a qualsiasi sito registrato<\/a>.<\/p>\n\n\n\n<p>In base alla nostra ricerca, questi crediti sono sufficienti per tradurre la maggior parte dei siti. Ecco cosa \u00e8 incluso:<\/p>\n\n\n\n<div class=\"wp-block-toolset-blocks-container tb-container\" data-toolset-blocks-container=\"3445d768b276b0a4a7b724a66a67e261\"><div class=\"tb-container-inner\">\n<figure class=\"wp-block-table is-style-regular nt\"><table class=\"has-fixed-layout\"><thead><tr><th class=\"has-text-align-left\" data-align=\"left\"><strong>Tipo di account<\/strong><\/th><th class=\"has-text-align-center\" data-align=\"center\"><strong>Crediti gratuiti con l&#8217;acquisto<\/strong><\/th><th class=\"has-text-align-center\" data-align=\"center\"><strong>Ricarica gratuita del credito con il rinnovo<\/strong><\/th><\/tr><\/thead><tbody><tr><td class=\"has-text-align-left\" data-align=\"left\"><strong>Multilingual CMS<\/strong><\/td><td class=\"has-text-align-center\" data-align=\"center\">90,000<\/td><td class=\"has-text-align-center\" data-align=\"center\">60,000<\/td><\/tr><tr><td class=\"has-text-align-left\" data-align=\"left\"><strong>Agenzia<\/strong><\/td><td class=\"has-text-align-center\" data-align=\"center\">180,000<\/td><td class=\"has-text-align-center\" data-align=\"center\">120,000<\/td><\/tr><\/tbody><\/table><\/figure>\n\n\n\n<p>Inoltre, se sceglie di pagare a consumo, i primi 2.000 crediti al mese sono gratuiti. Per impostare il Pay-As-You-Go, vada su <strong>WPML<\/strong> \u2192 <strong>Gestione traduzioni<\/strong> e clicchi sulla scheda <strong>Strumenti<\/strong>. Quindi, clicchi sul pulsante <strong>Attiva Pay-As-You-Go<\/strong>.<\/p>\n\n\n<div class=\"wp-block-image\">\n<figure class=\" tb-image tb-image-dynamic tb-image-frame-none aligncenter\" data-toolset-blocks-image=\"06bbcae71e5f990a2a93316f4dbba41b\"><a href=\"https:\/\/wpml.org\/wp-content\/uploads\/2023\/02\/activate-payg-1.png\"><img decoding=\"async\" width=\"1024\" height=\"690\" loading=\"lazy\" src=\"https:\/\/wpml.org\/wp-content\/uploads\/2023\/02\/activate-payg-1-1024x690.png\" alt=\"\" class=\"wp-image-13111597\" srcset=\"https:\/\/wpml.org\/wp-content\/uploads\/2023\/02\/activate-payg-1-1024x690.png 1024w, https:\/\/wpml.org\/wp-content\/uploads\/2023\/02\/activate-payg-1-300x202.png 300w, https:\/\/wpml.org\/wp-content\/uploads\/2023\/02\/activate-payg-1-150x101.png 150w, https:\/\/wpml.org\/wp-content\/uploads\/2023\/02\/activate-payg-1-768x518.png 768w, https:\/\/wpml.org\/wp-content\/uploads\/2023\/02\/activate-payg-1-1536x1035.png 1536w, https:\/\/wpml.org\/wp-content\/uploads\/2023\/02\/activate-payg-1-2048x1380.png 2048w\" sizes=\"(max-width: 1024px) 100vw, 1024px\" \/><\/a><figcaption><div class=\"tb-image-caption\"><em>Impostazione di un sistema Pay-As-You-Go.<\/em><\/div><\/figcaption><\/figure>\n<\/div>\n\n\n<div class=\"wp-block-toolset-blocks-container tb-container\" data-toolset-blocks-container=\"55c3bf860e000c3bb94389dfc2fe7c24\">\n<div class=\"tb-fields-and-text\" data-toolset-blocks-fields-and-text=\"3e1d2592ce20bdf2bf813c9dfa44c991\"><p>Se ha bisogno di tradurre pi\u00f9 contenuti, WPML offre opzioni comode e convenienti per pagare la traduzione automatica. Per saperne di pi\u00f9 sui <a href=\"https:\/\/wpml.org\/it\/documentazione\/traduzione-automatica-per-contenuti-di-wordpress-con-wpml\/prezzi-della-traduzione-automatica\/\">prezzi della traduzione automatica<\/a>.<\/p><\/div>\n<\/div>\n<\/div><\/div>\n<\/div>\n\n\n\n<div class=\"wp-block-toolset-blocks-grid-column tb-grid-column tb-grid-align-top\" data-toolset-blocks-grid-column=\"3034fbe886c11054e95b46b09d3e4112\">\n<\/div>\n\n\n\n<div class=\"wp-block-toolset-blocks-grid-column tb-grid-column tb-grid-align-top\" data-toolset-blocks-grid-column=\"3034fbe886c11054e95b46b09d3e4112\">\n<div class=\"wp-block-toolset-blocks-container tb-container\" data-toolset-blocks-container=\"dc14915116cf3afa9bc229c16ef4cf0b\">\n<div class=\"wp-block-toolset-blocks-grid tb-grid\" data-toolset-blocks-grid=\"6c8614adc2a7137318223014f04b1637\">\n<div class=\"wp-block-toolset-blocks-grid-column tb-grid-column tb-grid-align-top\" data-toolset-blocks-grid-column=\"3034fbe886c11054e95b46b09d3e4112\">\n<div class=\"tb-fields-and-text\" data-toolset-blocks-fields-and-text=\"3e1d2592ce20bdf2bf813c9dfa44c991\"><p><img decoding=\"async\" class=\"alignnone \" src=\"https:\/\/wpml.org\/wp-content\/uploads\/2022\/09\/logo.png\" width=\"30\" height=\"30\"><\/p><\/div>\n<\/div>\n\n\n\n<div class=\"wp-block-toolset-blocks-grid-column tb-grid-column tb-grid-align-top\" data-toolset-blocks-grid-column=\"3034fbe886c11054e95b46b09d3e4112\">\n<h3 class=\"tb-heading has-text-color\" data-toolset-blocks-heading=\"216b320e97805ed43b04b425b185d408\" data-last-update=\"1.4\"><strong>Questions? Feedback? Talk with Us!<\/strong><\/h3>\n\n\n\n<p class=\"tb-heading has-text-color\" data-toolset-blocks-heading=\"bc6c0d4d143e738e1b43e8bd7056ee93\" data-last-update=\"1.4\">Book a Zoom call with Agnes, our Client Advocate, and share your WPML feedback related to documentation, videos, and plugin usage. Your feedback helps us to improve and we value it greatly.<\/p>\n\n\n\n<div class=\"tb-button tr-read-more\" data-toolset-blocks-button=\"d0f07f6a141bc387336bc832d0100af1\"><a class=\"tb-button__link\" href=\"https:\/\/calendly.com\/wpml-feedback\" target=\"_blank\" rel=\"noopener\"><span class=\"tb-button__content\">Book a call<\/span><i class=\"tb-button__icon\"><\/i><\/a><\/div>\n<\/div>\n\n\n\n<div class=\"wp-block-toolset-blocks-grid-column tb-grid-column tb-grid-align-bottom\" data-toolset-blocks-grid-column=\"a9477b3b2acbab5e817ae21cc6d0973e\">\n<div class=\"tb-fields-and-text\" data-toolset-blocks-fields-and-text=\"3e1d2592ce20bdf2bf813c9dfa44c991\"><p><img decoding=\"async\" class=\"alignnone \" src=\"https:\/\/wpml.org\/wp-content\/uploads\/2022\/09\/51d98ed9-1-1.png\" width=\"46\" height=\"46\"><\/p><\/div>\n<\/div>\n<\/div>\n<\/div>\n<\/div>\n\n\n\n<div class=\"wp-block-toolset-blocks-grid-column tb-grid-column tb-grid-align-top\" data-toolset-blocks-grid-column=\"3034fbe886c11054e95b46b09d3e4112\"><\/div>\n<\/div>\n<\/div><\/div>\n","protected":false},"excerpt":{"rendered":"","protected":false},"author":2,"featured_media":0,"parent":138082,"menu_order":12,"comment_status":"closed","ping_status":"closed","template":"template-full.php","meta":{"ep_exclude_from_search":false,"footnotes":""},"related-projects-category":[],"_links":{"self":[{"href":"https:\/\/wpml.org\/it\/wp-json\/wp\/v2\/pages\/4853349"}],"collection":[{"href":"https:\/\/wpml.org\/it\/wp-json\/wp\/v2\/pages"}],"about":[{"href":"https:\/\/wpml.org\/it\/wp-json\/wp\/v2\/types\/page"}],"author":[{"embeddable":true,"href":"https:\/\/wpml.org\/it\/wp-json\/wp\/v2\/users\/2"}],"replies":[{"embeddable":true,"href":"https:\/\/wpml.org\/it\/wp-json\/wp\/v2\/comments?post=4853349"}],"version-history":[{"count":8,"href":"https:\/\/wpml.org\/it\/wp-json\/wp\/v2\/pages\/4853349\/revisions"}],"predecessor-version":[{"id":14974505,"href":"https:\/\/wpml.org\/it\/wp-json\/wp\/v2\/pages\/4853349\/revisions\/14974505"}],"up":[{"embeddable":true,"href":"https:\/\/wpml.org\/it\/wp-json\/wp\/v2\/pages\/138082"}],"wp:attachment":[{"href":"https:\/\/wpml.org\/it\/wp-json\/wp\/v2\/media?parent=4853349"}],"wp:term":[{"taxonomy":"related-projects-category","embeddable":true,"href":"https:\/\/wpml.org\/it\/wp-json\/wp\/v2\/related-projects-category?post=4853349"}],"curies":[{"name":"wp","href":"https:\/\/api.w.org\/{rel}","templated":true}]}}