{"id":901387,"date":"2016-06-08T12:02:40","date_gmt":"2016-06-08T12:02:40","guid":{"rendered":"https:\/\/wpml.org\/it\/pagina-iniziale\/info-su-wpml\/"},"modified":"2022-09-19T04:23:34","modified_gmt":"2022-09-19T04:23:34","slug":"info-su-wpml","status":"publish","type":"page","link":"https:\/\/wpml.org\/it\/pagina-iniziale\/info-su-wpml\/","title":{"rendered":"Informazioni su WPML"},"content":{"rendered":"\n<div class=\"wp-block-toolset-blocks-container tb-container alignfull\" data-toolset-blocks-container=\"3946bb5d6dc85d11369e8e9ff027a826\"><div class=\"tb-container-inner\">\n<h3 class=\"tb-heading\" data-toolset-blocks-heading=\"323971d7d034db87bd9656d9d74528b7\" data-last-update=\"1.4\">Fin dal primo giorno le nostre priorit\u00e0 sono rimaste invariate:<br\/>eseguire WordPress multilingue in modo rapido, efficiente e conveniente.<\/h3>\n<\/div><\/div>\n\n<div class=\"wp-block-toolset-blocks-container tb-container\" data-toolset-blocks-container=\"9e1ca8a1b9dbe4600bd6ea2dc04a92dc\">\n<div class=\"wp-block-toolset-blocks-grid tb-grid\" data-toolset-blocks-grid=\"0dc790d61d0d64487a90abd4452260c6\">\n<div class=\"wp-block-toolset-blocks-grid-column tb-grid-column\" data-toolset-blocks-grid-column=\"a6e73c9bcfb6574667bd3043cd1e8d9d\">\n<h2 class=\"tb-heading has-text-color\" data-toolset-blocks-heading=\"f27d7698b6c9db65a61fa31411310711\" data-last-update=\"1.4\">La nostra storia<\/h2>\n\n\n\n<div class=\"tb-fields-and-text\" data-toolset-blocks-fields-and-text=\"6088439d9df1bb352cf469db67308436\"><p>Nel 2007 abbiamo iniziato il nostro percorso offrendo servizi di traduzione di siti web. Con l&#8217;evolversi dell&#8217;approccio alle soluzioni di traduzione, ci siamo evoluti anche noi. Tutti i nostri sforzi hanno portato alla creazione di WPML, che oggi \u00e8 il plug-in WordPress multilingue leader di mercato.<\/p>\n<p>Oggi WPML \u00e8 installato su oltre 1.000.000 di siti WordPress e consente di tradurre il sito in pi\u00f9 di 45 lingue.<\/p>\n<p>Con WPML \u00e8 possibile scegliere tra diversi metodi di traduzione, compresa la traduzione automatica.<\/p><\/div>\n\n\n\n<div class=\"tb-button\" data-toolset-blocks-button=\"d37a7a92e20c744cffeb6f95bf3941b1\"><a class=\"tb-button__link\" href=\"https:\/\/wpml.org\/features\/\"><span class=\"tb-button__content\">Scopri le funzioni di WPML<\/span><i class=\"tb-button__icon\"><\/i><\/a><\/div>\n<\/div>\n\n\n\n<div class=\"wp-block-toolset-blocks-grid-column tb-grid-column tb-grid-align-center\" data-toolset-blocks-grid-column=\"f586ff7bfe1d7317c63162ec7b7039ed\">\n<p class=\"tb-heading has-text-color\" data-toolset-blocks-heading=\"598ab094c448f88b658a2c998ada68ff\" data-last-update=\"1.4\">2007 \u2014<\/p>\n\n\n\n<p class=\"tb-heading has-text-color\" data-toolset-blocks-heading=\"47b0c3234b1048b790ed868db394c676\" data-last-update=\"1.4\"> Oggi<\/p>\n\n\n\n<div class=\"wp-block-toolset-blocks-container tb-container\" data-toolset-blocks-container=\"57235e03d30774c11d5072d4a8e8aa4f\">\n<div class=\"wp-block-toolset-blocks-container tb-container\" data-toolset-blocks-container=\"24c91226a80c83f25f10c073e13dae28\">\n<h2 class=\"tb-heading has-text-color\" data-toolset-blocks-heading=\"02c75c9e7f09d80344213bebe67934c4\" data-last-update=\"1.4\">&gt;1.000.000<\/h2>\n\n\n\n<p class=\"tb-heading has-text-color\" data-toolset-blocks-heading=\"7e5072ef3a7df32e6679f66008c56f58\" data-last-update=\"1.4\">I siti di WordPress utilizzano WPML<\/p>\n<\/div>\n\n\n\n<div class=\"wp-block-toolset-blocks-container tb-container\" data-toolset-blocks-container=\"72e713bb22beb48bcd433c599d2bffdb\">\n<h2 class=\"tb-heading has-text-color\" data-toolset-blocks-heading=\"02c75c9e7f09d80344213bebe67934c4\" data-last-update=\"1.4\">45+<\/h2>\n\n\n\n<p class=\"tb-heading has-text-color\" data-toolset-blocks-heading=\"7e5072ef3a7df32e6679f66008c56f58\" data-last-update=\"1.4\">lingue<\/p>\n<\/div>\n<\/div>\n<\/div>\n<\/div>\n<\/div>\n\n<div class=\"wp-block-toolset-blocks-container tb-container alignfull\" data-toolset-blocks-container=\"a685ea26d0f5a3415ebfa5c12b484347\"><div class=\"tb-container-inner\">\n<h2 class=\"tb-heading has-text-color\" data-toolset-blocks-heading=\"852fa7560e3faaf60cf3e8659cf23d1c\" data-last-update=\"1.4\">Create siti di WordPress nel modo giusto<\/h2>\n\n\n\n<div class=\"tb-fields-and-text\" data-toolset-blocks-fields-and-text=\"6088439d9df1bb352cf469db67308436\"><p style=\"text-align: center;\"><span style=\"font-weight: 400;\">Noi<\/span> <span style=\"font-weight: 400;\">riteniamo che tutti gli utenti di WordPress debbano riuscire a creare siti efficaci, a prescindere dalle conoscenze e dalle competenze di codifica.<\/span><\/p>\n<p style=\"text-align: center;\"><span style=\"font-weight: 400;\">La nostra <\/span> <a href=\"https:\/\/toolset.com\/home\/toolset-components\/\"><span style=\"font-weight: 400;\">suite di plug-in Toolset<\/span><\/a><span style=\"font-weight: 400;\"> rende semplice per tutti la creazione di siti avanzati. Potete progettare dall&#8217;interno di WordPress e non dovrete creare temi figlio o scrivere del codice PHP.<\/span><\/p><\/div>\n\n\n\n<div class=\"tb-button\" data-toolset-blocks-button=\"95f591ccc841db2a14ddb734b5eda428\"><a class=\"tb-button__link\" href=\"https:\/\/toolset.com\/\" target=\"_blank\" rel=\"noopener\"><span class=\"tb-button__content\">Ulteriori informazioni su Toolset<\/span><i class=\"tb-button__icon\"><\/i><\/a><\/div>\n<\/div><\/div>\n\n<div class=\"wp-block-toolset-blocks-container tb-container alignfull\" data-toolset-blocks-container=\"8a581af7a84a4d0cb461f15dc30ee0f0\"><div class=\"tb-container-inner\">\n<div class=\"wp-block-toolset-blocks-grid tb-grid\" data-toolset-blocks-grid=\"11f418a1360207b4c2a98aba9ed91c20\">\n<div class=\"wp-block-toolset-blocks-grid-column tb-grid-column tb-grid-align-center\" data-toolset-blocks-grid-column=\"f586ff7bfe1d7317c63162ec7b7039ed\">\n<div class=\"wp-block-toolset-blocks-container tb-container\" data-toolset-blocks-container=\"57235e03d30774c11d5072d4a8e8aa4f\">\n<div class=\"wp-block-toolset-blocks-container tb-container\" data-toolset-blocks-container=\"24c91226a80c83f25f10c073e13dae28\">\n<h2 class=\"tb-heading has-text-color\" data-toolset-blocks-heading=\"09eb42dc5d2001d263112345d7feb830\" data-last-update=\"1.4\">6<\/h2>\n\n\n\n<p class=\"tb-heading has-text-color\" data-toolset-blocks-heading=\"6d208b2f43b81337070f0ff1e21c0cf9\" data-last-update=\"1.4\">giorni alla settimana<\/p>\n<\/div>\n\n\n\n<div class=\"wp-block-toolset-blocks-container tb-container\" data-toolset-blocks-container=\"c8d150915edaa853a5eed3dde076c1da\">\n<h2 class=\"tb-heading has-text-color\" data-toolset-blocks-heading=\"09eb42dc5d2001d263112345d7feb830\" data-last-update=\"1.4\">19<\/h2>\n\n\n\n<p class=\"tb-heading has-text-color\" data-toolset-blocks-heading=\"6d208b2f43b81337070f0ff1e21c0cf9\" data-last-update=\"1.4\">ore al giorno<\/p>\n<\/div>\n\n\n\n<div class=\"wp-block-toolset-blocks-container tb-container\" data-toolset-blocks-container=\"cf468e6650af60e82a50621fc5791e29\">\n<h2 class=\"tb-heading has-text-color\" data-toolset-blocks-heading=\"09eb42dc5d2001d263112345d7feb830\" data-last-update=\"1.4\">9<\/h2>\n\n\n\n<p class=\"tb-heading has-text-color\" data-toolset-blocks-heading=\"6d208b2f43b81337070f0ff1e21c0cf9\" data-last-update=\"1.4\">lingue<\/p>\n<\/div>\n<\/div>\n<\/div>\n\n\n\n<div class=\"wp-block-toolset-blocks-grid-column tb-grid-column tb-grid-align-center\" data-toolset-blocks-grid-column=\"f586ff7bfe1d7317c63162ec7b7039ed\">\n<h2 class=\"tb-heading has-text-color\" data-toolset-blocks-heading=\"b90a2ed09033dc7737c883155e99b8fd\" data-last-update=\"1.4\">Assistenza completa<\/h2>\n\n\n\n<div class=\"tb-fields-and-text\" data-toolset-blocks-fields-and-text=\"6088439d9df1bb352cf469db67308436\"><p><span style=\"font-weight: 400;\">Ci impegniamo al massimo per fornire un&#8217;assistenza precisa, competente e tempestiva tramite il nostro forum di assistenza e l&#8217;assistenza via chat.<\/span><\/p>\n<p><span style=\"font-weight: 400;\">Il nostro team di assistenza lavora 6 giorni alla settimana, 19 ore al giorno. Abbiamo operatori che coprono l&#8217;Asia, l&#8217;Europa e le Americhe.<\/span> <\/p><\/div>\n\n\n\n<div class=\"tb-button\" data-toolset-blocks-button=\"854d58baf51c1aa469315d82c8da3648\"><a class=\"tb-button__link\" href=\"https:\/\/wpml.org\/forums\/forum\/english-support\/\"><span class=\"tb-button__content\">Chiedi assistenza<\/span><i class=\"tb-button__icon\"><\/i><\/a><\/div>\n<\/div>\n<\/div>\n<\/div><\/div>\n\n<div class=\"wp-block-toolset-blocks-container tb-container tb-container-parallax alignfull\" data-toolset-blocks-container=\"bd5a63f476ab19ad29618326e32c9323\">\n<div class=\"wp-block-toolset-blocks-container tb-container alignfull\" data-toolset-blocks-container=\"495a1f239de13c5ed402c998beceff79\"><div class=\"tb-container-inner\">\n<div class=\"wp-block-toolset-blocks-container tb-container\" data-toolset-blocks-container=\"3481add86939a97adb785bb282c9efd4\">\n<div class=\"wp-block-toolset-blocks-grid tb-grid\" data-toolset-blocks-grid=\"b29227ec0bc1142671bcfa505ac96850\">\n<div class=\"wp-block-toolset-blocks-grid-column tb-grid-column tb-grid-align-center\" data-toolset-blocks-grid-column=\"f586ff7bfe1d7317c63162ec7b7039ed\">\n<h2 class=\"tb-heading has-text-color\" data-toolset-blocks-heading=\"cb667a8d825456b117bc6cfc26d52c0d\" data-last-update=\"1.4\">Il nostro team<\/h2>\n\n\n\n<p class=\"tb-heading has-text-color\" data-toolset-blocks-heading=\"36f3a707077677ef599834d93d3ae5ab\" data-last-update=\"1.4\">Forse conoscete OnTheGoSystems come l&#8217;azienda alle spalle di WPML e Toolset, ma dietro ogni azienda c&#8217;\u00e8 un grande gruppo di persone. La nostra azienda \u00e8 registrata a Hong Kong, ma siamo un team davvero globale. OnTheGoSystems \u00e8 composta da pi\u00f9 di 90 persone che lavorano insieme totalmente da remoto da 40 Paesi diversi. Viviamo, lavoriamo e respiriamo il nostro motto:<\/p>\n\n\n\n<h3 class=\"tb-heading has-text-color\" data-toolset-blocks-heading=\"7201fbeb88e0be6b4bffea5bd1dd9054\" data-last-update=\"1.4\">&#8211; Le persone felici producono prodotti felici<\/h3>\n\n\n\n<p class=\"tb-heading has-text-color\" data-toolset-blocks-heading=\"3a082cfbe32a4414073d98f022ba43c8\" data-last-update=\"1.4\">Siamo sempre alla ricerca di persone di talento e appassionate che entrino a far parte del nostro gruppo. Se siete interessati a trasformare i siti di WordPress in giganti multilingue, date un&#8217;occhiata alle nostre posizioni aperte.<\/p>\n\n\n\n<div class=\"wp-block-toolset-blocks-grid tb-grid\" data-toolset-blocks-grid=\"bc0f620fef134dfa654c82a6a1927846\">\n<div class=\"wp-block-toolset-blocks-grid-column tb-grid-column tb-grid-align-top\" data-toolset-blocks-grid-column=\"3034fbe886c11054e95b46b09d3e4112\">\n<div class=\"tb-button\" data-toolset-blocks-button=\"5f688c50346f5f3a153f75bc0e7fa971\"><a class=\"tb-button__link\" href=\"https:\/\/onthegosystems.com\/jobs\/\" target=\"_blank\" rel=\"noopener\"><span class=\"tb-button__content\">Unisciti al nostro team<\/span><i class=\"tb-button__icon\"><\/i><\/a><\/div>\n<\/div>\n\n\n\n<div class=\"wp-block-toolset-blocks-grid-column tb-grid-column tb-grid-align-top\" data-toolset-blocks-grid-column=\"3034fbe886c11054e95b46b09d3e4112\">\n<div class=\"tb-button\" data-toolset-blocks-button=\"f3d9333a076a8f8317a506e91d8862f0\"><a class=\"tb-button__link\" href=\"https:\/\/onthegosystems.com\/team\/\" target=\"_blank\" rel=\"noopener\"><span class=\"tb-button__content\">Conosci il nostro team<\/span><i class=\"tb-button__icon\"><\/i><\/a><\/div>\n<\/div>\n<\/div>\n<\/div>\n\n\n\n<div class=\"wp-block-toolset-blocks-grid-column tb-grid-column tb-grid-align-center\" data-toolset-blocks-grid-column=\"f586ff7bfe1d7317c63162ec7b7039ed\">\n<div class=\"wp-block-toolset-blocks-container tb-container\" data-toolset-blocks-container=\"a2ed3c50091c06b39d8584c53256e37b\">\n<div class=\"wp-block-toolset-blocks-container tb-container\" data-toolset-blocks-container=\"24c91226a80c83f25f10c073e13dae28\">\n<h2 class=\"tb-heading has-text-color\" data-toolset-blocks-heading=\"2fb4df0d0dc7d95d39b8f446255d3ece\" data-last-update=\"1.4\">&gt;90<\/h2>\n\n\n\n<p class=\"tb-heading has-text-color\" data-toolset-blocks-heading=\"cd59a4f717d493ea6b36d74020f000ec\" data-last-update=\"1.4\">persone<\/p>\n<\/div>\n\n\n\n<div class=\"wp-block-toolset-blocks-container tb-container\" data-toolset-blocks-container=\"c8d150915edaa853a5eed3dde076c1da\">\n<h2 class=\"tb-heading has-text-color\" data-toolset-blocks-heading=\"2fb4df0d0dc7d95d39b8f446255d3ece\" data-last-update=\"1.4\">100%<\/h2>\n\n\n\n<p class=\"tb-heading has-text-color\" data-toolset-blocks-heading=\"cd59a4f717d493ea6b36d74020f000ec\" data-last-update=\"1.4\">da remoto<\/p>\n<\/div>\n\n\n\n<div class=\"wp-block-toolset-blocks-container tb-container\" data-toolset-blocks-container=\"cf468e6650af60e82a50621fc5791e29\">\n<h2 class=\"tb-heading has-text-color\" data-toolset-blocks-heading=\"2fb4df0d0dc7d95d39b8f446255d3ece\" data-last-update=\"1.4\">40<\/h2>\n\n\n\n<p class=\"tb-heading has-text-color\" data-toolset-blocks-heading=\"cd59a4f717d493ea6b36d74020f000ec\" data-last-update=\"1.4\">Paesi<\/p>\n<\/div>\n<\/div>\n<\/div>\n<\/div>\n<\/div>\n<\/div><\/div>\n<\/div>\n","protected":false},"excerpt":{"rendered":"","protected":false},"author":2,"featured_media":0,"parent":138151,"menu_order":0,"comment_status":"closed","ping_status":"closed","template":"nosidebar-template.php","meta":{"ep_exclude_from_search":false,"footnotes":""},"related-projects-category":[],"_links":{"self":[{"href":"https:\/\/wpml.org\/it\/wp-json\/wp\/v2\/pages\/901387"}],"collection":[{"href":"https:\/\/wpml.org\/it\/wp-json\/wp\/v2\/pages"}],"about":[{"href":"https:\/\/wpml.org\/it\/wp-json\/wp\/v2\/types\/page"}],"author":[{"embeddable":true,"href":"https:\/\/wpml.org\/it\/wp-json\/wp\/v2\/users\/2"}],"replies":[{"embeddable":true,"href":"https:\/\/wpml.org\/it\/wp-json\/wp\/v2\/comments?post=901387"}],"version-history":[{"count":2,"href":"https:\/\/wpml.org\/it\/wp-json\/wp\/v2\/pages\/901387\/revisions"}],"predecessor-version":[{"id":12075703,"href":"https:\/\/wpml.org\/it\/wp-json\/wp\/v2\/pages\/901387\/revisions\/12075703"}],"up":[{"embeddable":true,"href":"https:\/\/wpml.org\/it\/wp-json\/wp\/v2\/pages\/138151"}],"wp:attachment":[{"href":"https:\/\/wpml.org\/it\/wp-json\/wp\/v2\/media?parent=901387"}],"wp:term":[{"taxonomy":"related-projects-category","embeddable":true,"href":"https:\/\/wpml.org\/it\/wp-json\/wp\/v2\/related-projects-category?post=901387"}],"curies":[{"name":"wp","href":"https:\/\/api.w.org\/{rel}","templated":true}]}}